{"id":2412,"date":"2026-03-10T12:35:28","date_gmt":"2026-03-10T12:35:28","guid":{"rendered":"https:\/\/gameover-project.eu\/herramientas\/"},"modified":"2026-03-26T09:48:20","modified_gmt":"2026-03-26T09:48:20","slug":"herramientas","status":"publish","type":"page","link":"https:\/\/gameover-project.eu\/es\/herramientas\/","title":{"rendered":"Herramientas"},"content":{"rendered":"\t\t<div data-elementor-type=\"wp-page\" data-elementor-id=\"2412\" class=\"elementor elementor-2412 elementor-2305\" data-elementor-post-type=\"page\">\n\t\t\t\t<div class=\"elementor-element elementor-element-a1e1fb2 e-flex e-con-boxed e-con e-parent\" data-id=\"a1e1fb2\" data-element_type=\"container\" data-settings=\"{&quot;background_background&quot;:&quot;classic&quot;}\">\n\t\t\t\t\t<div class=\"e-con-inner\">\n\t\t<div class=\"elementor-element elementor-element-2947eb8 e-con-full e-flex e-con e-child\" data-id=\"2947eb8\" data-element_type=\"container\">\n\t\t\t\t<div class=\"elementor-element elementor-element-f7793dd elementor-widget elementor-widget-image\" data-id=\"f7793dd\" data-element_type=\"widget\" data-widget_type=\"image.default\">\n\t\t\t\t<div class=\"elementor-widget-container\">\n\t\t\t\t\t\t\t\t\t\t\t\t\t\t\t<img fetchpriority=\"high\" decoding=\"async\" width=\"500\" height=\"500\" src=\"https:\/\/gameover-project.eu\/wp-content\/uploads\/2024\/12\/online-learning.png\" class=\"attachment-full size-full wp-image-508\" alt=\"\" srcset=\"https:\/\/gameover-project.eu\/wp-content\/uploads\/2024\/12\/online-learning.png 500w, https:\/\/gameover-project.eu\/wp-content\/uploads\/2024\/12\/online-learning-300x300.png 300w, https:\/\/gameover-project.eu\/wp-content\/uploads\/2024\/12\/online-learning-150x150.png 150w\" sizes=\"(max-width: 500px) 100vw, 500px\" \/>\t\t\t\t\t\t\t\t\t\t\t\t\t\t\t<\/div>\n\t\t\t\t<\/div>\n\t\t\t\t<\/div>\n\t\t<div class=\"elementor-element elementor-element-0d6a5fb e-con-full e-flex e-con e-child\" data-id=\"0d6a5fb\" data-element_type=\"container\">\n\t\t\t\t<div class=\"elementor-element elementor-element-0898ed8 elementor-widget elementor-widget-heading\" data-id=\"0898ed8\" data-element_type=\"widget\" data-widget_type=\"heading.default\">\n\t\t\t\t<div class=\"elementor-widget-container\">\n\t\t\t\t\t<h2 class=\"elementor-heading-title elementor-size-default\">Herramientas para abordar los problemas de los juegos en l\u00ednea<\/h2>\t\t\t\t<\/div>\n\t\t\t\t<\/div>\n\t\t\t\t<\/div>\n\t\t\t\t\t<\/div>\n\t\t\t\t<\/div>\n\t\t<div class=\"elementor-element elementor-element-5666aa5 e-flex e-con-boxed e-con e-parent\" data-id=\"5666aa5\" data-element_type=\"container\">\n\t\t\t\t\t<div class=\"e-con-inner\">\n\t\t\t\t<div class=\"elementor-element elementor-element-4c1be0f elementor-widget elementor-widget-spacer\" data-id=\"4c1be0f\" data-element_type=\"widget\" data-widget_type=\"spacer.default\">\n\t\t\t\t<div class=\"elementor-widget-container\">\n\t\t\t\t\t\t\t<div class=\"elementor-spacer\">\n\t\t\t<div class=\"elementor-spacer-inner\"><\/div>\n\t\t<\/div>\n\t\t\t\t\t\t<\/div>\n\t\t\t\t<\/div>\n\t\t\t\t<div class=\"elementor-element elementor-element-57690ad elementor-widget elementor-widget-text-editor\" data-id=\"57690ad\" data-element_type=\"widget\" data-widget_type=\"text-editor.default\">\n\t\t\t\t<div class=\"elementor-widget-container\">\n\t\t\t\t\t\t\t\t\t<p>Los kits de herramientas de GameOver ofrecen recursos pr\u00e1cticos para ayudar a los alumnos, los educadores y los padres a comprender y gestionar los h\u00e1bitos relacionados con los videojuegos.<\/p><p>Incluyen actividades listas para usar, orientaciones y ejemplos de la vida real dise\u00f1ados para fomentar la concienciaci\u00f3n, promover un comportamiento equilibrado y apoyar la prevenci\u00f3n temprana de los problemas relacionados con los videojuegos.<\/p>\t\t\t\t\t\t\t\t<\/div>\n\t\t\t\t<\/div>\n\t\t\t\t<div class=\"elementor-element elementor-element-9fca615 elementor-widget elementor-widget-spacer\" data-id=\"9fca615\" data-element_type=\"widget\" data-widget_type=\"spacer.default\">\n\t\t\t\t<div class=\"elementor-widget-container\">\n\t\t\t\t\t\t\t<div class=\"elementor-spacer\">\n\t\t\t<div class=\"elementor-spacer-inner\"><\/div>\n\t\t<\/div>\n\t\t\t\t\t\t<\/div>\n\t\t\t\t<\/div>\n\t\t\t\t\t<\/div>\n\t\t\t\t<\/div>\n\t\t<div class=\"elementor-element elementor-element-8717958 e-flex e-con-boxed e-con e-child\" data-id=\"8717958\" data-element_type=\"container\">\n\t\t\t\t\t<div class=\"e-con-inner\">\n\t\t<div class=\"elementor-element elementor-element-fc73a44 e-con-full e-flex e-con e-child\" data-id=\"fc73a44\" data-element_type=\"container\">\n\t\t\t\t<div class=\"elementor-element elementor-element-f8a04b8 elementor-widget elementor-widget-image\" data-id=\"f8a04b8\" data-element_type=\"widget\" data-widget_type=\"image.default\">\n\t\t\t\t<div class=\"elementor-widget-container\">\n\t\t\t\t\t\t\t\t\t\t\t\t\t\t\t\t<a href=\"https:\/\/gameover-project.eu\/wp-content\/uploads\/2026\/03\/ES_toolkit_STUDENTS.pdf\" target=\"_blank\">\n\t\t\t\t\t\t\t<img decoding=\"async\" width=\"1241\" height=\"1754\" src=\"https:\/\/gameover-project.eu\/wp-content\/uploads\/2026\/03\/ES_toolkit_STUDENTS.jpg\" class=\"attachment-full size-full wp-image-2440\" alt=\"\" srcset=\"https:\/\/gameover-project.eu\/wp-content\/uploads\/2026\/03\/ES_toolkit_STUDENTS.jpg 1241w, https:\/\/gameover-project.eu\/wp-content\/uploads\/2026\/03\/ES_toolkit_STUDENTS-212x300.jpg 212w, https:\/\/gameover-project.eu\/wp-content\/uploads\/2026\/03\/ES_toolkit_STUDENTS-725x1024.jpg 725w, https:\/\/gameover-project.eu\/wp-content\/uploads\/2026\/03\/ES_toolkit_STUDENTS-768x1085.jpg 768w, https:\/\/gameover-project.eu\/wp-content\/uploads\/2026\/03\/ES_toolkit_STUDENTS-1087x1536.jpg 1087w\" sizes=\"(max-width: 1241px) 100vw, 1241px\" \/>\t\t\t\t\t\t\t\t<\/a>\n\t\t\t\t\t\t\t\t\t\t\t\t\t\t\t<\/div>\n\t\t\t\t<\/div>\n\t\t\t\t<div class=\"elementor-element elementor-element-4759f7b text-center elementor-widget elementor-widget-tp-heading-title\" data-id=\"4759f7b\" data-element_type=\"widget\" data-widget_type=\"tp-heading-title.default\">\n\t\t\t\t<div class=\"elementor-widget-container\">\n\t\t\t\t\t<div class=\"heading heading_style heading_style69ef7dfe42488 style-1 \" ><div class=\"sub-style \"  ><div class=\"head-title \" > <h2  class=\"heading-title   \"   data-hover=\"Caja de herramientas 1\">Caja de herramientas 1<span class=\"title-s \">  <\/span><\/h2><\/div><div class=\"sub-heading\"><h3 class=\"heading-sub-title  \"> Para estudiantes <\/h3><\/div><\/div><\/div>\t\t\t\t<\/div>\n\t\t\t\t<\/div>\n\t\t\t\t<div class=\"elementor-element elementor-element-454d9a9 elementor-align-center elementor-widget__width-inherit elementor-widget elementor-widget-button\" data-id=\"454d9a9\" data-element_type=\"widget\" data-widget_type=\"button.default\">\n\t\t\t\t<div class=\"elementor-widget-container\">\n\t\t\t\t\t\t\t\t\t<div class=\"elementor-button-wrapper\">\n\t\t\t\t\t<a class=\"elementor-button elementor-button-link elementor-size-sm\" href=\"https:\/\/gameover-project.eu\/wp-content\/uploads\/2026\/03\/ES_toolkit_STUDENTS.pdf\" target=\"_blank\">\n\t\t\t\t\t\t<span class=\"elementor-button-content-wrapper\">\n\t\t\t\t\t\t\t\t\t<span class=\"elementor-button-text\">Haz clic aqu\u00ed<\/span>\n\t\t\t\t\t<\/span>\n\t\t\t\t\t<\/a>\n\t\t\t\t<\/div>\n\t\t\t\t\t\t\t\t<\/div>\n\t\t\t\t<\/div>\n\t\t\t\t<\/div>\n\t\t<div class=\"elementor-element elementor-element-19256ed e-con-full e-flex e-con e-child\" data-id=\"19256ed\" data-element_type=\"container\">\n\t\t\t\t<div class=\"elementor-element elementor-element-4794989 elementor-widget elementor-widget-image\" data-id=\"4794989\" data-element_type=\"widget\" data-widget_type=\"image.default\">\n\t\t\t\t<div class=\"elementor-widget-container\">\n\t\t\t\t\t\t\t\t\t\t\t\t\t\t\t\t<a href=\"https:\/\/gameover-project.eu\/wp-content\/uploads\/2026\/03\/ES_toolkit_EDUCATORS-1.pdf\" target=\"_blank\">\n\t\t\t\t\t\t\t<img decoding=\"async\" width=\"1241\" height=\"1754\" src=\"https:\/\/gameover-project.eu\/wp-content\/uploads\/2026\/03\/ES_toolkit_EDUCATORS_.jpg\" class=\"attachment-full size-full wp-image-2507\" alt=\"\" srcset=\"https:\/\/gameover-project.eu\/wp-content\/uploads\/2026\/03\/ES_toolkit_EDUCATORS_.jpg 1241w, https:\/\/gameover-project.eu\/wp-content\/uploads\/2026\/03\/ES_toolkit_EDUCATORS_-212x300.jpg 212w, https:\/\/gameover-project.eu\/wp-content\/uploads\/2026\/03\/ES_toolkit_EDUCATORS_-725x1024.jpg 725w, https:\/\/gameover-project.eu\/wp-content\/uploads\/2026\/03\/ES_toolkit_EDUCATORS_-768x1085.jpg 768w, https:\/\/gameover-project.eu\/wp-content\/uploads\/2026\/03\/ES_toolkit_EDUCATORS_-1087x1536.jpg 1087w\" sizes=\"(max-width: 1241px) 100vw, 1241px\" \/>\t\t\t\t\t\t\t\t<\/a>\n\t\t\t\t\t\t\t\t\t\t\t\t\t\t\t<\/div>\n\t\t\t\t<\/div>\n\t\t\t\t<div class=\"elementor-element elementor-element-bee491e text-center elementor-widget elementor-widget-tp-heading-title\" data-id=\"bee491e\" data-element_type=\"widget\" data-widget_type=\"tp-heading-title.default\">\n\t\t\t\t<div class=\"elementor-widget-container\">\n\t\t\t\t\t<div class=\"heading heading_style heading_style69ef7dfe454ce style-1 \" ><div class=\"sub-style \"  ><div class=\"head-title \" > <h2  class=\"heading-title   \"   data-hover=\"Caja de herramientas 2\">Caja de herramientas 2<span class=\"title-s \">  <\/span><\/h2><\/div><div class=\"sub-heading\"><h3 class=\"heading-sub-title  \"> Para Educadores <\/h3><\/div><\/div><\/div>\t\t\t\t<\/div>\n\t\t\t\t<\/div>\n\t\t\t\t<div class=\"elementor-element elementor-element-c0ded2d elementor-align-center elementor-widget__width-inherit elementor-widget elementor-widget-button\" data-id=\"c0ded2d\" data-element_type=\"widget\" data-widget_type=\"button.default\">\n\t\t\t\t<div class=\"elementor-widget-container\">\n\t\t\t\t\t\t\t\t\t<div class=\"elementor-button-wrapper\">\n\t\t\t\t\t<a class=\"elementor-button elementor-button-link elementor-size-sm\" href=\"https:\/\/gameover-project.eu\/wp-content\/uploads\/2026\/03\/ES_toolkit_EDUCATORS-1.pdf\" target=\"_blank\">\n\t\t\t\t\t\t<span class=\"elementor-button-content-wrapper\">\n\t\t\t\t\t\t\t\t\t<span class=\"elementor-button-text\">Haz clic aqu\u00ed<\/span>\n\t\t\t\t\t<\/span>\n\t\t\t\t\t<\/a>\n\t\t\t\t<\/div>\n\t\t\t\t\t\t\t\t<\/div>\n\t\t\t\t<\/div>\n\t\t\t\t<\/div>\n\t\t<div class=\"elementor-element elementor-element-0e4bcec e-con-full e-flex e-con e-child\" data-id=\"0e4bcec\" data-element_type=\"container\">\n\t\t\t\t<div class=\"elementor-element elementor-element-c12bc39 elementor-widget elementor-widget-image\" data-id=\"c12bc39\" data-element_type=\"widget\" data-widget_type=\"image.default\">\n\t\t\t\t<div class=\"elementor-widget-container\">\n\t\t\t\t\t\t\t\t\t\t\t\t\t\t\t\t<a href=\"https:\/\/gameover-project.eu\/wp-content\/uploads\/2026\/03\/ES_toolkit_PARENTS-1.pdf\" target=\"_blank\">\n\t\t\t\t\t\t\t<img loading=\"lazy\" decoding=\"async\" width=\"1241\" height=\"1754\" src=\"https:\/\/gameover-project.eu\/wp-content\/uploads\/2026\/03\/ES_toolkit_PARENTS_page-.jpg\" class=\"attachment-full size-full wp-image-2512\" alt=\"\" srcset=\"https:\/\/gameover-project.eu\/wp-content\/uploads\/2026\/03\/ES_toolkit_PARENTS_page-.jpg 1241w, https:\/\/gameover-project.eu\/wp-content\/uploads\/2026\/03\/ES_toolkit_PARENTS_page--212x300.jpg 212w, https:\/\/gameover-project.eu\/wp-content\/uploads\/2026\/03\/ES_toolkit_PARENTS_page--725x1024.jpg 725w, https:\/\/gameover-project.eu\/wp-content\/uploads\/2026\/03\/ES_toolkit_PARENTS_page--768x1085.jpg 768w, https:\/\/gameover-project.eu\/wp-content\/uploads\/2026\/03\/ES_toolkit_PARENTS_page--1087x1536.jpg 1087w\" sizes=\"(max-width: 1241px) 100vw, 1241px\" \/>\t\t\t\t\t\t\t\t<\/a>\n\t\t\t\t\t\t\t\t\t\t\t\t\t\t\t<\/div>\n\t\t\t\t<\/div>\n\t\t\t\t<div class=\"elementor-element elementor-element-46767d5 text-center elementor-widget elementor-widget-tp-heading-title\" data-id=\"46767d5\" data-element_type=\"widget\" data-widget_type=\"tp-heading-title.default\">\n\t\t\t\t<div class=\"elementor-widget-container\">\n\t\t\t\t\t<div class=\"heading heading_style heading_style69ef7dfe478d6 style-1 \" ><div class=\"sub-style \"  ><div class=\"head-title \" > <h2  class=\"heading-title   \"   data-hover=\"Caja de herramientas 3\">Caja de herramientas 3<span class=\"title-s \">  <\/span><\/h2><\/div><div class=\"sub-heading\"><h3 class=\"heading-sub-title  \"> Para Padres <\/h3><\/div><\/div><\/div>\t\t\t\t<\/div>\n\t\t\t\t<\/div>\n\t\t\t\t<div class=\"elementor-element elementor-element-9369324 elementor-align-center elementor-widget__width-inherit elementor-widget elementor-widget-button\" data-id=\"9369324\" data-element_type=\"widget\" data-widget_type=\"button.default\">\n\t\t\t\t<div class=\"elementor-widget-container\">\n\t\t\t\t\t\t\t\t\t<div class=\"elementor-button-wrapper\">\n\t\t\t\t\t<a class=\"elementor-button elementor-button-link elementor-size-sm\" href=\"https:\/\/gameover-project.eu\/wp-content\/uploads\/2026\/03\/ES_toolkit_PARENTS-1.pdf\" target=\"_blank\">\n\t\t\t\t\t\t<span class=\"elementor-button-content-wrapper\">\n\t\t\t\t\t\t\t\t\t<span class=\"elementor-button-text\">Haz clic aqu\u00ed<\/span>\n\t\t\t\t\t<\/span>\n\t\t\t\t\t<\/a>\n\t\t\t\t<\/div>\n\t\t\t\t\t\t\t\t<\/div>\n\t\t\t\t<\/div>\n\t\t\t\t<\/div>\n\t\t\t\t\t<\/div>\n\t\t\t\t<\/div>\n\t\t<div class=\"elementor-element elementor-element-aa2b636 e-flex e-con-boxed e-con e-parent\" data-id=\"aa2b636\" data-element_type=\"container\">\n\t\t\t\t\t<div class=\"e-con-inner\">\n\t\t\t\t<div class=\"elementor-element elementor-element-2684c24 elementor-widget elementor-widget-spacer\" data-id=\"2684c24\" data-element_type=\"widget\" data-widget_type=\"spacer.default\">\n\t\t\t\t<div class=\"elementor-widget-container\">\n\t\t\t\t\t\t\t<div class=\"elementor-spacer\">\n\t\t\t<div class=\"elementor-spacer-inner\"><\/div>\n\t\t<\/div>\n\t\t\t\t\t\t<\/div>\n\t\t\t\t<\/div>\n\t\t\t\t\t<\/div>\n\t\t\t\t<\/div>\n\t\t\t\t<\/div>\n\t\t","protected":false},"excerpt":{"rendered":"<p>Herramientas para abordar los problemas de los juegos en l\u00ednea Los kits de herramientas de GameOver ofrecen recursos pr\u00e1cticos para ayudar a los alumnos, los educadores y los padres a comprender y gestionar los h\u00e1bitos relacionados con los videojuegos. Incluyen actividades listas para usar, orientaciones y ejemplos de la vida real dise\u00f1ados para fomentar la [&hellip;]<\/p>\n","protected":false},"author":2,"featured_media":0,"parent":0,"menu_order":0,"comment_status":"closed","ping_status":"closed","template":"","meta":{"footnotes":""},"class_list":["post-2412","page","type-page","status-publish","hentry"],"_links":{"self":[{"href":"https:\/\/gameover-project.eu\/es\/wp-json\/wp\/v2\/pages\/2412","targetHints":{"allow":["GET"]}}],"collection":[{"href":"https:\/\/gameover-project.eu\/es\/wp-json\/wp\/v2\/pages"}],"about":[{"href":"https:\/\/gameover-project.eu\/es\/wp-json\/wp\/v2\/types\/page"}],"author":[{"embeddable":true,"href":"https:\/\/gameover-project.eu\/es\/wp-json\/wp\/v2\/users\/2"}],"replies":[{"embeddable":true,"href":"https:\/\/gameover-project.eu\/es\/wp-json\/wp\/v2\/comments?post=2412"}],"version-history":[{"count":13,"href":"https:\/\/gameover-project.eu\/es\/wp-json\/wp\/v2\/pages\/2412\/revisions"}],"predecessor-version":[{"id":2592,"href":"https:\/\/gameover-project.eu\/es\/wp-json\/wp\/v2\/pages\/2412\/revisions\/2592"}],"wp:attachment":[{"href":"https:\/\/gameover-project.eu\/es\/wp-json\/wp\/v2\/media?parent=2412"}],"curies":[{"name":"wp","href":"https:\/\/api.w.org\/{rel}","templated":true}]}}