{"id":517,"date":"2025-03-27T12:58:09","date_gmt":"2025-03-27T12:58:09","guid":{"rendered":"https:\/\/gameover-project.eu\/acerca-del-proyecto\/"},"modified":"2025-03-31T07:18:02","modified_gmt":"2025-03-31T07:18:02","slug":"acerca-del-proyecto","status":"publish","type":"page","link":"https:\/\/gameover-project.eu\/es\/acerca-del-proyecto\/","title":{"rendered":"Acerca del proyecto"},"content":{"rendered":"\t\t<div data-elementor-type=\"wp-page\" data-elementor-id=\"517\" class=\"elementor elementor-517 elementor-52\" data-elementor-post-type=\"page\">\n\t\t\t\t<div class=\"elementor-element elementor-element-3caded2 e-flex e-con-boxed e-con e-parent\" data-id=\"3caded2\" data-element_type=\"container\" data-settings=\"{&quot;background_background&quot;:&quot;classic&quot;}\">\n\t\t\t\t\t<div class=\"e-con-inner\">\n\t\t<div class=\"elementor-element elementor-element-244f05a e-con-full e-flex e-con e-child\" data-id=\"244f05a\" data-element_type=\"container\">\n\t\t\t\t<div class=\"elementor-element elementor-element-0f47e3d elementor-widget elementor-widget-image\" data-id=\"0f47e3d\" data-element_type=\"widget\" data-widget_type=\"image.default\">\n\t\t\t\t<div class=\"elementor-widget-container\">\n\t\t\t\t\t\t\t\t\t\t\t\t\t\t\t<img fetchpriority=\"high\" decoding=\"async\" width=\"800\" height=\"800\" src=\"https:\/\/gameover-project.eu\/wp-content\/uploads\/2025\/01\/images_website-11-11.png\" class=\"attachment-large size-large wp-image-518\" alt=\"\" srcset=\"https:\/\/gameover-project.eu\/wp-content\/uploads\/2025\/01\/images_website-11-11.png 1000w, https:\/\/gameover-project.eu\/wp-content\/uploads\/2025\/01\/images_website-11-11-300x300.png 300w, https:\/\/gameover-project.eu\/wp-content\/uploads\/2025\/01\/images_website-11-11-150x150.png 150w, https:\/\/gameover-project.eu\/wp-content\/uploads\/2025\/01\/images_website-11-11-768x768.png 768w, https:\/\/gameover-project.eu\/wp-content\/uploads\/2025\/01\/images_website-11-11-700x700.png 700w\" sizes=\"(max-width: 800px) 100vw, 800px\" \/>\t\t\t\t\t\t\t\t\t\t\t\t\t\t\t<\/div>\n\t\t\t\t<\/div>\n\t\t\t\t<\/div>\n\t\t<div class=\"elementor-element elementor-element-5d30048 e-con-full e-flex e-con e-child\" data-id=\"5d30048\" data-element_type=\"container\">\n\t\t\t\t<div class=\"elementor-element elementor-element-bcbcd53 elementor-widget elementor-widget-heading\" data-id=\"bcbcd53\" data-element_type=\"widget\" data-widget_type=\"heading.default\">\n\t\t\t\t<div class=\"elementor-widget-container\">\n\t\t\t\t\t<h2 class=\"elementor-heading-title elementor-size-default\">Acerca del proyecto<\/h2>\t\t\t\t<\/div>\n\t\t\t\t<\/div>\n\t\t\t\t<\/div>\n\t\t\t\t\t<\/div>\n\t\t\t\t<\/div>\n\t\t<div class=\"elementor-element elementor-element-0c1c808 e-flex e-con-boxed e-con e-parent\" data-id=\"0c1c808\" data-element_type=\"container\">\n\t\t\t\t\t<div class=\"e-con-inner\">\n\t\t<div class=\"elementor-element elementor-element-3103f19 e-con-full e-flex e-con e-child\" data-id=\"3103f19\" data-element_type=\"container\">\n\t\t\t\t<div class=\"elementor-element elementor-element-369f841 elementor-widget elementor-widget-heading\" data-id=\"369f841\" data-element_type=\"widget\" data-widget_type=\"heading.default\">\n\t\t\t\t<div class=\"elementor-widget-container\">\n\t\t\t\t\t<h3 class=\"elementor-heading-title elementor-size-default\">El reto<\/h3>\t\t\t\t<\/div>\n\t\t\t\t<\/div>\n\t\t\t\t<div class=\"elementor-element elementor-element-134547f elementor-widget elementor-widget-text-editor\" data-id=\"134547f\" data-element_type=\"widget\" data-widget_type=\"text-editor.default\">\n\t\t\t\t<div class=\"elementor-widget-container\">\n\t\t\t\t\t\t\t\t\t<p>En la actual era digital, los juegos en l\u00ednea son un pasatiempo com\u00fan entre los j\u00f3venes. Aunque el juego puede ofrecer beneficios como la mejora de las capacidades cognitivas y el entretenimiento, el juego excesivo puede tener consecuencias perjudiciales. El problema de los juegos en l\u00ednea se ha convertido en una preocupaci\u00f3n creciente que afecta a la educaci\u00f3n, las interacciones sociales y la salud mental general de los ni\u00f1os. Problemas como la agresividad, el retraimiento social, el bajo rendimiento acad\u00e9mico e incluso la adicci\u00f3n se han relacionado con el juego prolongado, lo que pone de relieve la urgente necesidad de medidas preventivas.<\/p>\n\t\t\t\t\t\t\t\t<\/div>\n\t\t\t\t<\/div>\n\t\t\t\t<\/div>\n\t\t<div class=\"elementor-element elementor-element-1fba504 e-con-full e-flex e-con e-child\" data-id=\"1fba504\" data-element_type=\"container\">\n\t\t\t\t<div class=\"elementor-element elementor-element-4537e4a elementor-widget elementor-widget-heading\" data-id=\"4537e4a\" data-element_type=\"widget\" data-widget_type=\"heading.default\">\n\t\t\t\t<div class=\"elementor-widget-container\">\n\t\t\t\t\t<h3 class=\"elementor-heading-title elementor-size-default\">Objetivo<\/h3>\t\t\t\t<\/div>\n\t\t\t\t<\/div>\n\t\t\t\t<div class=\"elementor-element elementor-element-c4b8bf0 elementor-widget elementor-widget-text-editor\" data-id=\"c4b8bf0\" data-element_type=\"widget\" data-widget_type=\"text-editor.default\">\n\t\t\t\t<div class=\"elementor-widget-container\">\n\t\t\t\t\t\t\t\t\t<p>GameOver es un proyecto dise\u00f1ado para hacer frente a los retos que plantea la pornograf\u00eda infantil entre los alumnos de 12 a 16 a\u00f1os. Su objetivo es educar tanto a alumnos como a profesores sobre la POG y sus efectos negativos. El proyecto se centra en la prevenci\u00f3n, la detecci\u00f3n precoz y la intervenci\u00f3n proporcionando recursos y estrategias integrales para profesores, alumnos y padres. Al abordar este problema de forma hol\u00edstica, GameOver pretende fomentar h\u00e1bitos digitales m\u00e1s saludables y concienciar a las comunidades educativas y a otros \u00e1mbitos.<\/p>\n\t\t\t\t\t\t\t\t<\/div>\n\t\t\t\t<\/div>\n\t\t\t\t<\/div>\n\t\t\t\t\t<\/div>\n\t\t\t\t<\/div>\n\t\t<div class=\"elementor-element elementor-element-ea9886d e-flex e-con-boxed e-con e-parent\" data-id=\"ea9886d\" data-element_type=\"container\">\n\t\t\t\t\t<div class=\"e-con-inner\">\n\t\t<div class=\"elementor-element elementor-element-d2f4a00 e-con-full e-flex e-con e-child\" data-id=\"d2f4a00\" data-element_type=\"container\">\n\t\t\t\t<div class=\"elementor-element elementor-element-9b39556 elementor-widget elementor-widget-image\" data-id=\"9b39556\" data-element_type=\"widget\" data-widget_type=\"image.default\">\n\t\t\t\t<div class=\"elementor-widget-container\">\n\t\t\t\t\t\t\t\t\t\t\t\t\t\t\t<img decoding=\"async\" width=\"800\" height=\"800\" src=\"https:\/\/gameover-project.eu\/wp-content\/uploads\/2025\/01\/images_website-06.png\" class=\"attachment-large size-large wp-image-519\" alt=\"\" srcset=\"https:\/\/gameover-project.eu\/wp-content\/uploads\/2025\/01\/images_website-06.png 1000w, https:\/\/gameover-project.eu\/wp-content\/uploads\/2025\/01\/images_website-06-300x300.png 300w, https:\/\/gameover-project.eu\/wp-content\/uploads\/2025\/01\/images_website-06-150x150.png 150w, https:\/\/gameover-project.eu\/wp-content\/uploads\/2025\/01\/images_website-06-768x768.png 768w, https:\/\/gameover-project.eu\/wp-content\/uploads\/2025\/01\/images_website-06-700x700.png 700w\" sizes=\"(max-width: 800px) 100vw, 800px\" \/>\t\t\t\t\t\t\t\t\t\t\t\t\t\t\t<\/div>\n\t\t\t\t<\/div>\n\t\t\t\t<\/div>\n\t\t<div class=\"elementor-element elementor-element-8af2556 e-con-full e-flex e-con e-child\" data-id=\"8af2556\" data-element_type=\"container\">\n\t\t\t\t<div class=\"elementor-element elementor-element-4d67a8e elementor-widget elementor-widget-heading\" data-id=\"4d67a8e\" data-element_type=\"widget\" data-widget_type=\"heading.default\">\n\t\t\t\t<div class=\"elementor-widget-container\">\n\t\t\t\t\t<h3 class=\"elementor-heading-title elementor-size-default\">Objetivos<\/h3>\t\t\t\t<\/div>\n\t\t\t\t<\/div>\n\t\t\t\t<div class=\"elementor-element elementor-element-47a3bc9 elementor-widget elementor-widget-spacer\" data-id=\"47a3bc9\" data-element_type=\"widget\" data-widget_type=\"spacer.default\">\n\t\t\t\t<div class=\"elementor-widget-container\">\n\t\t\t\t\t\t\t<div class=\"elementor-spacer\">\n\t\t\t<div class=\"elementor-spacer-inner\"><\/div>\n\t\t<\/div>\n\t\t\t\t\t\t<\/div>\n\t\t\t\t<\/div>\n\t\t\t\t<div class=\"elementor-element elementor-element-7025271 elementor-icon-list--layout-traditional elementor-list-item-link-full_width elementor-widget elementor-widget-icon-list\" data-id=\"7025271\" data-element_type=\"widget\" data-widget_type=\"icon-list.default\">\n\t\t\t\t<div class=\"elementor-widget-container\">\n\t\t\t\t\t\t\t<ul class=\"elementor-icon-list-items\">\n\t\t\t\t\t\t\t<li class=\"elementor-icon-list-item\">\n\t\t\t\t\t\t\t\t\t\t\t<span class=\"elementor-icon-list-icon\">\n\t\t\t\t\t\t\t<i aria-hidden=\"true\" class=\"fas fa-check-square\"><\/i>\t\t\t\t\t\t<\/span>\n\t\t\t\t\t\t\t\t\t\t<span class=\"elementor-icon-list-text\"><strong>Sensibilizar a alumnos<\/strong> padres y profesores sobre los riesgos de la ludopat\u00eda.<\/span>\n\t\t\t\t\t\t\t\t\t<\/li>\n\t\t\t\t\t\t\t\t<li class=\"elementor-icon-list-item\">\n\t\t\t\t\t\t\t\t\t\t\t<span class=\"elementor-icon-list-icon\">\n\t\t\t\t\t\t\t<i aria-hidden=\"true\" class=\"fas fa-check-square\"><\/i>\t\t\t\t\t\t<\/span>\n\t\t\t\t\t\t\t\t\t\t<span class=\"elementor-icon-list-text\"><strong>Detecci\u00f3n precoz<\/strong> mediante el desarrollo de una herramienta especializada para identificar los primeros signos de adicci\u00f3n al juego.<\/span>\n\t\t\t\t\t\t\t\t\t<\/li>\n\t\t\t\t\t\t\t\t<li class=\"elementor-icon-list-item\">\n\t\t\t\t\t\t\t\t\t\t\t<span class=\"elementor-icon-list-icon\">\n\t\t\t\t\t\t\t<i aria-hidden=\"true\" class=\"fas fa-check-square\"><\/i>\t\t\t\t\t\t<\/span>\n\t\t\t\t\t\t\t\t\t\t<span class=\"elementor-icon-list-text\"><strong>Proporcionar recursos<\/strong> a la comunidad educativa para hacer frente al trastorno del juego en su fase inicial.<\/span>\n\t\t\t\t\t\t\t\t\t<\/li>\n\t\t\t\t\t\t\t\t<li class=\"elementor-icon-list-item\">\n\t\t\t\t\t\t\t\t\t\t\t<span class=\"elementor-icon-list-icon\">\n\t\t\t\t\t\t\t<i aria-hidden=\"true\" class=\"fas fa-check-square\"><\/i>\t\t\t\t\t\t<\/span>\n\t\t\t\t\t\t\t\t\t\t<span class=\"elementor-icon-list-text\">Prestar <strong>especial atenci\u00f3n<\/strong> a los alumnos con menos oportunidades para evitar la adicci\u00f3n a los juegos en l\u00ednea.<\/span>\n\t\t\t\t\t\t\t\t\t<\/li>\n\t\t\t\t\t\t<\/ul>\n\t\t\t\t\t\t<\/div>\n\t\t\t\t<\/div>\n\t\t\t\t<\/div>\n\t\t\t\t\t<\/div>\n\t\t\t\t<\/div>\n\t\t\t\t<\/div>\n\t\t","protected":false},"excerpt":{"rendered":"<p>Acerca del proyecto El reto En la actual era digital, los juegos en l\u00ednea son un pasatiempo com\u00fan entre los j\u00f3venes. Aunque el juego puede ofrecer beneficios como la mejora de las capacidades cognitivas y el entretenimiento, el juego excesivo puede tener consecuencias perjudiciales. El problema de los juegos en l\u00ednea se ha convertido en [&hellip;]<\/p>\n","protected":false},"author":3,"featured_media":520,"parent":0,"menu_order":0,"comment_status":"closed","ping_status":"closed","template":"","meta":{"footnotes":""},"class_list":["post-517","page","type-page","status-publish","has-post-thumbnail","hentry"],"_links":{"self":[{"href":"https:\/\/gameover-project.eu\/es\/wp-json\/wp\/v2\/pages\/517","targetHints":{"allow":["GET"]}}],"collection":[{"href":"https:\/\/gameover-project.eu\/es\/wp-json\/wp\/v2\/pages"}],"about":[{"href":"https:\/\/gameover-project.eu\/es\/wp-json\/wp\/v2\/types\/page"}],"author":[{"embeddable":true,"href":"https:\/\/gameover-project.eu\/es\/wp-json\/wp\/v2\/users\/3"}],"replies":[{"embeddable":true,"href":"https:\/\/gameover-project.eu\/es\/wp-json\/wp\/v2\/comments?post=517"}],"version-history":[{"count":3,"href":"https:\/\/gameover-project.eu\/es\/wp-json\/wp\/v2\/pages\/517\/revisions"}],"predecessor-version":[{"id":1101,"href":"https:\/\/gameover-project.eu\/es\/wp-json\/wp\/v2\/pages\/517\/revisions\/1101"}],"wp:featuredmedia":[{"embeddable":true,"href":"https:\/\/gameover-project.eu\/es\/wp-json\/wp\/v2\/media\/520"}],"wp:attachment":[{"href":"https:\/\/gameover-project.eu\/es\/wp-json\/wp\/v2\/media?parent=517"}],"curies":[{"name":"wp","href":"https:\/\/api.w.org\/{rel}","templated":true}]}}