{"id":522,"date":"2025-03-27T13:02:09","date_gmt":"2025-03-27T13:02:09","guid":{"rendered":"https:\/\/gameover-project.eu\/resultados\/"},"modified":"2026-03-10T15:27:54","modified_gmt":"2026-03-10T15:27:54","slug":"resultados","status":"publish","type":"page","link":"https:\/\/gameover-project.eu\/es\/resultados\/","title":{"rendered":"Resultados"},"content":{"rendered":"\t\t<div data-elementor-type=\"wp-page\" data-elementor-id=\"522\" class=\"elementor elementor-522 elementor-54\" data-elementor-post-type=\"page\">\n\t\t\t\t<div class=\"elementor-element elementor-element-c9062cf e-flex e-con-boxed e-con e-parent\" data-id=\"c9062cf\" data-element_type=\"container\" data-settings=\"{&quot;background_background&quot;:&quot;classic&quot;}\">\n\t\t\t\t\t<div class=\"e-con-inner\">\n\t\t<div class=\"elementor-element elementor-element-b3499f5 e-con-full e-flex e-con e-child\" data-id=\"b3499f5\" data-element_type=\"container\">\n\t\t\t\t<div class=\"elementor-element elementor-element-d76e975 elementor-widget elementor-widget-image\" data-id=\"d76e975\" data-element_type=\"widget\" data-widget_type=\"image.default\">\n\t\t\t\t<div class=\"elementor-widget-container\">\n\t\t\t\t\t\t\t\t\t\t\t\t\t\t\t<img fetchpriority=\"high\" decoding=\"async\" width=\"800\" height=\"800\" src=\"https:\/\/gameover-project.eu\/wp-content\/uploads\/2024\/12\/game-over-results-01.png\" class=\"attachment-large size-large wp-image-509\" alt=\"\" srcset=\"https:\/\/gameover-project.eu\/wp-content\/uploads\/2024\/12\/game-over-results-01.png 1000w, https:\/\/gameover-project.eu\/wp-content\/uploads\/2024\/12\/game-over-results-01-300x300.png 300w, https:\/\/gameover-project.eu\/wp-content\/uploads\/2024\/12\/game-over-results-01-150x150.png 150w, https:\/\/gameover-project.eu\/wp-content\/uploads\/2024\/12\/game-over-results-01-768x768.png 768w, https:\/\/gameover-project.eu\/wp-content\/uploads\/2024\/12\/game-over-results-01-700x700.png 700w\" sizes=\"(max-width: 800px) 100vw, 800px\" \/>\t\t\t\t\t\t\t\t\t\t\t\t\t\t\t<\/div>\n\t\t\t\t<\/div>\n\t\t\t\t<\/div>\n\t\t<div class=\"elementor-element elementor-element-e2d0590 e-con-full e-flex e-con e-child\" data-id=\"e2d0590\" data-element_type=\"container\">\n\t\t\t\t<div class=\"elementor-element elementor-element-9811c95 elementor-widget elementor-widget-heading\" data-id=\"9811c95\" data-element_type=\"widget\" data-widget_type=\"heading.default\">\n\t\t\t\t<div class=\"elementor-widget-container\">\n\t\t\t\t\t<h2 class=\"elementor-heading-title elementor-size-default\">Resultados del proyecto<\/h2>\t\t\t\t<\/div>\n\t\t\t\t<\/div>\n\t\t\t\t<\/div>\n\t\t\t\t\t<\/div>\n\t\t\t\t<\/div>\n\t\t<div class=\"elementor-element elementor-element-c714868 e-flex e-con-boxed e-con e-parent\" data-id=\"c714868\" data-element_type=\"container\">\n\t\t\t\t\t<div class=\"e-con-inner\">\n\t\t\t\t<div class=\"elementor-element elementor-element-102d377 elementor-widget elementor-widget-spacer\" data-id=\"102d377\" data-element_type=\"widget\" data-widget_type=\"spacer.default\">\n\t\t\t\t<div class=\"elementor-widget-container\">\n\t\t\t\t\t\t\t<div class=\"elementor-spacer\">\n\t\t\t<div class=\"elementor-spacer-inner\"><\/div>\n\t\t<\/div>\n\t\t\t\t\t\t<\/div>\n\t\t\t\t<\/div>\n\t\t\t\t\t<\/div>\n\t\t\t\t<\/div>\n\t\t<div class=\"elementor-element elementor-element-955b046 e-flex e-con-boxed e-con e-parent\" data-id=\"955b046\" data-element_type=\"container\">\n\t\t\t\t\t<div class=\"e-con-inner\">\n\t\t<div class=\"elementor-element elementor-element-bab6a14 e-con-full e-flex e-con e-child\" data-id=\"bab6a14\" data-element_type=\"container\">\n\t\t\t\t<div class=\"elementor-element elementor-element-a0f9caa elementor-widget elementor-widget-image\" data-id=\"a0f9caa\" data-element_type=\"widget\" data-widget_type=\"image.default\">\n\t\t\t\t<div class=\"elementor-widget-container\">\n\t\t\t\t\t\t\t\t\t\t\t\t\t\t\t<img decoding=\"async\" width=\"500\" height=\"500\" src=\"https:\/\/gameover-project.eu\/wp-content\/uploads\/2024\/12\/find-alert.png\" class=\"attachment-large size-large wp-image-506\" alt=\"\" srcset=\"https:\/\/gameover-project.eu\/wp-content\/uploads\/2024\/12\/find-alert.png 500w, https:\/\/gameover-project.eu\/wp-content\/uploads\/2024\/12\/find-alert-300x300.png 300w, https:\/\/gameover-project.eu\/wp-content\/uploads\/2024\/12\/find-alert-150x150.png 150w\" sizes=\"(max-width: 500px) 100vw, 500px\" \/>\t\t\t\t\t\t\t\t\t\t\t\t\t\t\t<\/div>\n\t\t\t\t<\/div>\n\t\t\t\t<\/div>\n\t\t<div class=\"elementor-element elementor-element-841a855 e-con-full e-flex e-con e-child\" data-id=\"841a855\" data-element_type=\"container\">\n\t\t\t\t<div class=\"elementor-element elementor-element-6fa6a4e elementor-widget elementor-widget-heading\" data-id=\"6fa6a4e\" data-element_type=\"widget\" data-widget_type=\"heading.default\">\n\t\t\t\t<div class=\"elementor-widget-container\">\n\t\t\t\t\t<h4 class=\"elementor-heading-title elementor-size-default\">Instrumento de detecci\u00f3n precoz (IDE)<\/h4>\t\t\t\t<\/div>\n\t\t\t\t<\/div>\n\t\t\t\t<div class=\"elementor-element elementor-element-338c512 elementor-widget elementor-widget-text-editor\" data-id=\"338c512\" data-element_type=\"widget\" data-widget_type=\"text-editor.default\">\n\t\t\t\t<div class=\"elementor-widget-container\">\n\t\t\t\t\t\t\t\t\t<p>Una herramienta para ayudar a los profesionales a identificar los factores de riesgo y los primeros signos de adicci\u00f3n al juego.<\/p>\n\t\t\t\t\t\t\t\t<\/div>\n\t\t\t\t<\/div>\n\t\t\t\t<div class=\"elementor-element elementor-element-5a62756 elementor-align-left elementor-widget elementor-widget-button\" data-id=\"5a62756\" data-element_type=\"widget\" data-widget_type=\"button.default\">\n\t\t\t\t<div class=\"elementor-widget-container\">\n\t\t\t\t\t\t\t\t\t<div class=\"elementor-button-wrapper\">\n\t\t\t\t\t<a class=\"elementor-button elementor-button-link elementor-size-sm\" href=\"https:\/\/gameover-project.eu\/es\/early-detection-instrument-edi\/\">\n\t\t\t\t\t\t<span class=\"elementor-button-content-wrapper\">\n\t\t\t\t\t\t\t\t\t<span class=\"elementor-button-text\">Ver aqu\u00ed<\/span>\n\t\t\t\t\t<\/span>\n\t\t\t\t\t<\/a>\n\t\t\t\t<\/div>\n\t\t\t\t\t\t\t\t<\/div>\n\t\t\t\t<\/div>\n\t\t\t\t<\/div>\n\t\t\t\t\t<\/div>\n\t\t\t\t<\/div>\n\t\t<div class=\"elementor-element elementor-element-1c30fbd e-flex e-con-boxed e-con e-parent\" data-id=\"1c30fbd\" data-element_type=\"container\">\n\t\t\t\t\t<div class=\"e-con-inner\">\n\t\t\t\t<div class=\"elementor-element elementor-element-844c34f elementor-widget elementor-widget-spacer\" data-id=\"844c34f\" data-element_type=\"widget\" data-widget_type=\"spacer.default\">\n\t\t\t\t<div class=\"elementor-widget-container\">\n\t\t\t\t\t\t\t<div class=\"elementor-spacer\">\n\t\t\t<div class=\"elementor-spacer-inner\"><\/div>\n\t\t<\/div>\n\t\t\t\t\t\t<\/div>\n\t\t\t\t<\/div>\n\t\t\t\t\t<\/div>\n\t\t\t\t<\/div>\n\t\t<div class=\"elementor-element elementor-element-09abb08 e-flex e-con-boxed e-con e-parent\" data-id=\"09abb08\" data-element_type=\"container\">\n\t\t\t\t\t<div class=\"e-con-inner\">\n\t\t<div class=\"elementor-element elementor-element-451e4b3 e-con-full e-flex e-con e-child\" data-id=\"451e4b3\" data-element_type=\"container\">\n\t\t\t\t<div class=\"elementor-element elementor-element-c9864d0 elementor-widget elementor-widget-image\" data-id=\"c9864d0\" data-element_type=\"widget\" data-widget_type=\"image.default\">\n\t\t\t\t<div class=\"elementor-widget-container\">\n\t\t\t\t\t\t\t\t\t\t\t\t\t\t\t<img decoding=\"async\" width=\"500\" height=\"500\" src=\"https:\/\/gameover-project.eu\/wp-content\/uploads\/2024\/12\/online-learning.png\" class=\"attachment-large size-large wp-image-508\" alt=\"\" srcset=\"https:\/\/gameover-project.eu\/wp-content\/uploads\/2024\/12\/online-learning.png 500w, https:\/\/gameover-project.eu\/wp-content\/uploads\/2024\/12\/online-learning-300x300.png 300w, https:\/\/gameover-project.eu\/wp-content\/uploads\/2024\/12\/online-learning-150x150.png 150w\" sizes=\"(max-width: 500px) 100vw, 500px\" \/>\t\t\t\t\t\t\t\t\t\t\t\t\t\t\t<\/div>\n\t\t\t\t<\/div>\n\t\t\t\t<\/div>\n\t\t<div class=\"elementor-element elementor-element-fb4818e e-con-full e-flex e-con e-child\" data-id=\"fb4818e\" data-element_type=\"container\">\n\t\t\t\t<div class=\"elementor-element elementor-element-4e7968f elementor-widget elementor-widget-heading\" data-id=\"4e7968f\" data-element_type=\"widget\" data-widget_type=\"heading.default\">\n\t\t\t\t<div class=\"elementor-widget-container\">\n\t\t\t\t\t<h4 class=\"elementor-heading-title elementor-size-default\">Herramientas para abordar los problemas de los juegos en l\u00ednea<\/h4>\t\t\t\t<\/div>\n\t\t\t\t<\/div>\n\t\t\t\t<div class=\"elementor-element elementor-element-b949dc1 elementor-widget elementor-widget-text-editor\" data-id=\"b949dc1\" data-element_type=\"widget\" data-widget_type=\"text-editor.default\">\n\t\t\t\t<div class=\"elementor-widget-container\">\n\t\t\t\t\t\t\t\t\t<p>Recursos a medida para profesores, alumnos y padres con el fin de concienciarlos sobre los riesgos asociados a los juegos en l\u00ednea y las estrategias que pueden utilizarse para prevenirlos y abordarlos.<\/p>\n\t\t\t\t\t\t\t\t<\/div>\n\t\t\t\t<\/div>\n\t\t\t\t<div class=\"elementor-element elementor-element-671e777 elementor-align-left elementor-widget elementor-widget-button\" data-id=\"671e777\" data-element_type=\"widget\" data-widget_type=\"button.default\">\n\t\t\t\t<div class=\"elementor-widget-container\">\n\t\t\t\t\t\t\t\t\t<div class=\"elementor-button-wrapper\">\n\t\t\t\t\t<a class=\"elementor-button elementor-button-link elementor-size-sm\" href=\"https:\/\/gameover-project.eu\/es\/toolkits\/\">\n\t\t\t\t\t\t<span class=\"elementor-button-content-wrapper\">\n\t\t\t\t\t\t\t\t\t<span class=\"elementor-button-text\">Ver aqu\u00ed<\/span>\n\t\t\t\t\t<\/span>\n\t\t\t\t\t<\/a>\n\t\t\t\t<\/div>\n\t\t\t\t\t\t\t\t<\/div>\n\t\t\t\t<\/div>\n\t\t\t\t<\/div>\n\t\t\t\t\t<\/div>\n\t\t\t\t<\/div>\n\t\t<div class=\"elementor-element elementor-element-de12cde e-flex e-con-boxed e-con e-parent\" data-id=\"de12cde\" data-element_type=\"container\">\n\t\t\t\t\t<div class=\"e-con-inner\">\n\t\t\t\t<div class=\"elementor-element elementor-element-b4179a6 elementor-widget elementor-widget-spacer\" data-id=\"b4179a6\" data-element_type=\"widget\" data-widget_type=\"spacer.default\">\n\t\t\t\t<div class=\"elementor-widget-container\">\n\t\t\t\t\t\t\t<div class=\"elementor-spacer\">\n\t\t\t<div class=\"elementor-spacer-inner\"><\/div>\n\t\t<\/div>\n\t\t\t\t\t\t<\/div>\n\t\t\t\t<\/div>\n\t\t\t\t\t<\/div>\n\t\t\t\t<\/div>\n\t\t<div class=\"elementor-element elementor-element-1353962 e-flex e-con-boxed e-con e-parent\" data-id=\"1353962\" data-element_type=\"container\">\n\t\t\t\t\t<div class=\"e-con-inner\">\n\t\t<div class=\"elementor-element elementor-element-1a4b24b e-con-full e-flex e-con e-child\" data-id=\"1a4b24b\" data-element_type=\"container\">\n\t\t\t\t<div class=\"elementor-element elementor-element-9cb2ab2 elementor-widget elementor-widget-image\" data-id=\"9cb2ab2\" data-element_type=\"widget\" data-widget_type=\"image.default\">\n\t\t\t\t<div class=\"elementor-widget-container\">\n\t\t\t\t\t\t\t\t\t\t\t\t\t\t\t<img loading=\"lazy\" decoding=\"async\" width=\"500\" height=\"500\" src=\"https:\/\/gameover-project.eu\/wp-content\/uploads\/2024\/12\/online-degree.png\" class=\"attachment-large size-large wp-image-507\" alt=\"\" srcset=\"https:\/\/gameover-project.eu\/wp-content\/uploads\/2024\/12\/online-degree.png 500w, https:\/\/gameover-project.eu\/wp-content\/uploads\/2024\/12\/online-degree-300x300.png 300w, https:\/\/gameover-project.eu\/wp-content\/uploads\/2024\/12\/online-degree-150x150.png 150w\" sizes=\"(max-width: 500px) 100vw, 500px\" \/>\t\t\t\t\t\t\t\t\t\t\t\t\t\t\t<\/div>\n\t\t\t\t<\/div>\n\t\t\t\t<\/div>\n\t\t<div class=\"elementor-element elementor-element-2354374 e-con-full e-flex e-con e-child\" data-id=\"2354374\" data-element_type=\"container\">\n\t\t\t\t<div class=\"elementor-element elementor-element-2fd6052 elementor-widget elementor-widget-heading\" data-id=\"2fd6052\" data-element_type=\"widget\" data-widget_type=\"heading.default\">\n\t\t\t\t<div class=\"elementor-widget-container\">\n\t\t\t\t\t<h4 class=\"elementor-heading-title elementor-size-default\">Programa de formaci\u00f3n en l\u00ednea para profesionales sobre prevenci\u00f3n, detecci\u00f3n precoz e intervenci\u00f3n temprana de los problemas de los juegos en l\u00ednea<\/h4>\t\t\t\t<\/div>\n\t\t\t\t<\/div>\n\t\t\t\t<div class=\"elementor-element elementor-element-e9e2c1c elementor-widget elementor-widget-text-editor\" data-id=\"e9e2c1c\" data-element_type=\"widget\" data-widget_type=\"text-editor.default\">\n\t\t\t\t<div class=\"elementor-widget-container\">\n\t\t\t\t\t\t\t\t\t<p>Su objetivo es sensibilizar a los profesionales sobre los riesgos de los problemas de juego en l\u00ednea y dotarles de los conocimientos y estrategias necesarios para intervenir precozmente y promover un comportamiento responsable en l\u00ednea.<\/p>\n\t\t\t\t\t\t\t\t<\/div>\n\t\t\t\t<\/div>\n\t\t\t\t<div class=\"elementor-element elementor-element-dbdd35f elementor-headline--style-highlight elementor-widget elementor-widget-animated-headline\" data-id=\"dbdd35f\" data-element_type=\"widget\" data-settings=\"{&quot;marker&quot;:&quot;underline_zigzag&quot;,&quot;highlighted_text&quot;:&quot;breve&quot;,&quot;headline_style&quot;:&quot;highlight&quot;,&quot;loop&quot;:&quot;yes&quot;,&quot;highlight_animation_duration&quot;:1200,&quot;highlight_iteration_delay&quot;:8000}\" data-widget_type=\"animated-headline.default\">\n\t\t\t\t<div class=\"elementor-widget-container\">\n\t\t\t\t\t\t\t<h3 class=\"elementor-headline\">\n\t\t\t\t\t<span class=\"elementor-headline-plain-text elementor-headline-text-wrapper\">En<\/span>\n\t\t\t\t<span class=\"elementor-headline-dynamic-wrapper elementor-headline-text-wrapper\">\n\t\t\t\t\t<span class=\"elementor-headline-dynamic-text elementor-headline-text-active\">breve<\/span>\n\t\t\t\t<\/span>\n\t\t\t\t<\/h3>\n\t\t\t\t\t\t<\/div>\n\t\t\t\t<\/div>\n\t\t\t\t<\/div>\n\t\t\t\t\t<\/div>\n\t\t\t\t<\/div>\n\t\t<div class=\"elementor-element elementor-element-b8ab553 e-flex e-con-boxed e-con e-parent\" data-id=\"b8ab553\" data-element_type=\"container\">\n\t\t\t\t\t<div class=\"e-con-inner\">\n\t\t\t\t<div class=\"elementor-element elementor-element-c573544 elementor-widget elementor-widget-spacer\" data-id=\"c573544\" data-element_type=\"widget\" data-widget_type=\"spacer.default\">\n\t\t\t\t<div class=\"elementor-widget-container\">\n\t\t\t\t\t\t\t<div class=\"elementor-spacer\">\n\t\t\t<div class=\"elementor-spacer-inner\"><\/div>\n\t\t<\/div>\n\t\t\t\t\t\t<\/div>\n\t\t\t\t<\/div>\n\t\t\t\t\t<\/div>\n\t\t\t\t<\/div>\n\t\t\t\t<\/div>\n\t\t","protected":false},"excerpt":{"rendered":"<p>Resultados del proyecto Instrumento de detecci\u00f3n precoz (IDE) Una herramienta para ayudar a los profesionales a identificar los factores de riesgo y los primeros signos de adicci\u00f3n al juego. Ver aqu\u00ed Herramientas para abordar los problemas de los juegos en l\u00ednea Recursos a medida para profesores, alumnos y padres con el fin de concienciarlos sobre [&hellip;]<\/p>\n","protected":false},"author":3,"featured_media":523,"parent":0,"menu_order":0,"comment_status":"closed","ping_status":"closed","template":"","meta":{"footnotes":""},"class_list":["post-522","page","type-page","status-publish","has-post-thumbnail","hentry"],"_links":{"self":[{"href":"https:\/\/gameover-project.eu\/es\/wp-json\/wp\/v2\/pages\/522","targetHints":{"allow":["GET"]}}],"collection":[{"href":"https:\/\/gameover-project.eu\/es\/wp-json\/wp\/v2\/pages"}],"about":[{"href":"https:\/\/gameover-project.eu\/es\/wp-json\/wp\/v2\/types\/page"}],"author":[{"embeddable":true,"href":"https:\/\/gameover-project.eu\/es\/wp-json\/wp\/v2\/users\/3"}],"replies":[{"embeddable":true,"href":"https:\/\/gameover-project.eu\/es\/wp-json\/wp\/v2\/comments?post=522"}],"version-history":[{"count":10,"href":"https:\/\/gameover-project.eu\/es\/wp-json\/wp\/v2\/pages\/522\/revisions"}],"predecessor-version":[{"id":2527,"href":"https:\/\/gameover-project.eu\/es\/wp-json\/wp\/v2\/pages\/522\/revisions\/2527"}],"wp:featuredmedia":[{"embeddable":true,"href":"https:\/\/gameover-project.eu\/es\/wp-json\/wp\/v2\/media\/523"}],"wp:attachment":[{"href":"https:\/\/gameover-project.eu\/es\/wp-json\/wp\/v2\/media?parent=522"}],"curies":[{"name":"wp","href":"https:\/\/api.w.org\/{rel}","templated":true}]}}