{"id":537,"date":"2025-03-27T13:15:32","date_gmt":"2025-03-27T13:15:32","guid":{"rendered":"https:\/\/gameover-project.eu\/materiales\/"},"modified":"2025-12-17T09:55:27","modified_gmt":"2025-12-17T09:55:27","slug":"materiales","status":"publish","type":"page","link":"https:\/\/gameover-project.eu\/es\/materiales\/","title":{"rendered":"Materiales"},"content":{"rendered":"\t\t<div data-elementor-type=\"wp-page\" data-elementor-id=\"537\" class=\"elementor elementor-537 elementor-58\" data-elementor-post-type=\"page\">\n\t\t\t\t<div class=\"elementor-element elementor-element-f9e7951 e-flex e-con-boxed e-con e-parent\" data-id=\"f9e7951\" data-element_type=\"container\" data-settings=\"{&quot;background_background&quot;:&quot;classic&quot;}\">\n\t\t\t\t\t<div class=\"e-con-inner\">\n\t\t<div class=\"elementor-element elementor-element-d6527ea e-con-full e-flex e-con e-child\" data-id=\"d6527ea\" data-element_type=\"container\">\n\t\t\t\t<div class=\"elementor-element elementor-element-59dc94e elementor-widget elementor-widget-image\" data-id=\"59dc94e\" data-element_type=\"widget\" data-widget_type=\"image.default\">\n\t\t\t\t<div class=\"elementor-widget-container\">\n\t\t\t\t\t\t\t\t\t\t\t\t\t\t\t<img fetchpriority=\"high\" decoding=\"async\" width=\"800\" height=\"800\" src=\"https:\/\/gameover-project.eu\/wp-content\/uploads\/2025\/01\/images_website-02n.png\" class=\"attachment-large size-large wp-image-538\" alt=\"\" srcset=\"https:\/\/gameover-project.eu\/wp-content\/uploads\/2025\/01\/images_website-02n.png 1000w, https:\/\/gameover-project.eu\/wp-content\/uploads\/2025\/01\/images_website-02n-300x300.png 300w, https:\/\/gameover-project.eu\/wp-content\/uploads\/2025\/01\/images_website-02n-150x150.png 150w, https:\/\/gameover-project.eu\/wp-content\/uploads\/2025\/01\/images_website-02n-768x768.png 768w, https:\/\/gameover-project.eu\/wp-content\/uploads\/2025\/01\/images_website-02n-700x700.png 700w\" sizes=\"(max-width: 800px) 100vw, 800px\" \/>\t\t\t\t\t\t\t\t\t\t\t\t\t\t\t<\/div>\n\t\t\t\t<\/div>\n\t\t\t\t<\/div>\n\t\t<div class=\"elementor-element elementor-element-9aa2002 e-con-full e-flex e-con e-child\" data-id=\"9aa2002\" data-element_type=\"container\">\n\t\t\t\t<div class=\"elementor-element elementor-element-077ce78 elementor-widget elementor-widget-heading\" data-id=\"077ce78\" data-element_type=\"widget\" data-widget_type=\"heading.default\">\n\t\t\t\t<div class=\"elementor-widget-container\">\n\t\t\t\t\t<h2 class=\"elementor-heading-title elementor-size-default\">Materiales<\/h2>\t\t\t\t<\/div>\n\t\t\t\t<\/div>\n\t\t\t\t<div class=\"elementor-element elementor-element-68f519e elementor-widget elementor-widget-heading\" data-id=\"68f519e\" data-element_type=\"widget\" data-widget_type=\"heading.default\">\n\t\t\t\t<div class=\"elementor-widget-container\">\n\t\t\t\t\t<h5 class=\"elementor-heading-title elementor-size-default\">\u00a1Explore nuestros recursos!<\/h5>\t\t\t\t<\/div>\n\t\t\t\t<\/div>\n\t\t\t\t<div class=\"elementor-element elementor-element-86dc67d elementor-widget elementor-widget-text-editor\" data-id=\"86dc67d\" data-element_type=\"widget\" data-widget_type=\"text-editor.default\">\n\t\t\t\t<div class=\"elementor-widget-container\">\n\t\t\t\t\t\t\t\t\t<p>Aqu\u00ed encontrar\u00e1s material informativo disponible para su descarga gratuita. Est\u00e9 atento a las actualizaciones peri\u00f3dicas que destacan las actividades clave, los resultados del proyecto y las pr\u00f3ximas oportunidades para mantenerse informado, participar y ayudar a difundir GameOver.<\/p>\n\t\t\t\t\t\t\t\t<\/div>\n\t\t\t\t<\/div>\n\t\t\t\t<\/div>\n\t\t\t\t\t<\/div>\n\t\t\t\t<\/div>\n\t\t<div class=\"elementor-element elementor-element-fe80a69 e-flex e-con-boxed e-con e-parent\" data-id=\"fe80a69\" data-element_type=\"container\">\n\t\t\t\t\t<div class=\"e-con-inner\">\n\t\t\t\t<div class=\"elementor-element elementor-element-04f0913 elementor-widget elementor-widget-spacer\" data-id=\"04f0913\" data-element_type=\"widget\" data-widget_type=\"spacer.default\">\n\t\t\t\t<div class=\"elementor-widget-container\">\n\t\t\t\t\t\t\t<div class=\"elementor-spacer\">\n\t\t\t<div class=\"elementor-spacer-inner\"><\/div>\n\t\t<\/div>\n\t\t\t\t\t\t<\/div>\n\t\t\t\t<\/div>\n\t\t\t\t\t<\/div>\n\t\t\t\t<\/div>\n\t\t<div class=\"elementor-element elementor-element-cc7f595 e-flex e-con-boxed e-con e-parent\" data-id=\"cc7f595\" data-element_type=\"container\">\n\t\t\t\t\t<div class=\"e-con-inner\">\n\t\t<div class=\"elementor-element elementor-element-ab1f06c e-con-full e-flex e-con e-child\" data-id=\"ab1f06c\" data-element_type=\"container\">\n\t\t\t\t<div class=\"elementor-element elementor-element-fb168e3 elementor-widget elementor-widget-heading\" data-id=\"fb168e3\" data-element_type=\"widget\" data-widget_type=\"heading.default\">\n\t\t\t\t<div class=\"elementor-widget-container\">\n\t\t\t\t\t<h4 class=\"elementor-heading-title elementor-size-default\">Cartel<\/h4>\t\t\t\t<\/div>\n\t\t\t\t<\/div>\n\t\t\t\t<div class=\"elementor-element elementor-element-7b7d0bc elementor-widget elementor-widget-image\" data-id=\"7b7d0bc\" data-element_type=\"widget\" data-widget_type=\"image.default\">\n\t\t\t\t<div class=\"elementor-widget-container\">\n\t\t\t\t\t\t\t\t\t\t\t\t\t\t\t\t<a href=\"https:\/\/gameover-project.eu\/wp-content\/uploads\/2025\/06\/ES_poster_GO.pdf\" target=\"_blank\">\n\t\t\t\t\t\t\t<img decoding=\"async\" width=\"800\" height=\"800\" src=\"https:\/\/gameover-project.eu\/wp-content\/uploads\/2025\/06\/Poster_gameover_mockup_EN.png\" class=\"attachment-large size-large wp-image-1330\" alt=\"\" srcset=\"https:\/\/gameover-project.eu\/wp-content\/uploads\/2025\/06\/Poster_gameover_mockup_EN.png 1000w, https:\/\/gameover-project.eu\/wp-content\/uploads\/2025\/06\/Poster_gameover_mockup_EN-300x300.png 300w, https:\/\/gameover-project.eu\/wp-content\/uploads\/2025\/06\/Poster_gameover_mockup_EN-150x150.png 150w, https:\/\/gameover-project.eu\/wp-content\/uploads\/2025\/06\/Poster_gameover_mockup_EN-768x768.png 768w, https:\/\/gameover-project.eu\/wp-content\/uploads\/2025\/06\/Poster_gameover_mockup_EN-700x700.png 700w\" sizes=\"(max-width: 800px) 100vw, 800px\" \/>\t\t\t\t\t\t\t\t<\/a>\n\t\t\t\t\t\t\t\t\t\t\t\t\t\t\t<\/div>\n\t\t\t\t<\/div>\n\t\t\t\t<\/div>\n\t\t<div class=\"elementor-element elementor-element-80c604e e-con-full e-flex e-con e-child\" data-id=\"80c604e\" data-element_type=\"container\">\n\t\t\t\t<div class=\"elementor-element elementor-element-34d6b29 elementor-widget elementor-widget-heading\" data-id=\"34d6b29\" data-element_type=\"widget\" data-widget_type=\"heading.default\">\n\t\t\t\t<div class=\"elementor-widget-container\">\n\t\t\t\t\t<h4 class=\"elementor-heading-title elementor-size-default\">Folleto<\/h4>\t\t\t\t<\/div>\n\t\t\t\t<\/div>\n\t\t\t\t<div class=\"elementor-element elementor-element-fdc4c26 elementor-widget elementor-widget-image\" data-id=\"fdc4c26\" data-element_type=\"widget\" data-widget_type=\"image.default\">\n\t\t\t\t<div class=\"elementor-widget-container\">\n\t\t\t\t\t\t\t\t\t\t\t\t\t\t\t\t<a href=\"https:\/\/gameover-project.eu\/wp-content\/uploads\/2025\/06\/ES_Leaflet_GO.pdf\" target=\"_blank\">\n\t\t\t\t\t\t\t<img decoding=\"async\" width=\"800\" height=\"800\" src=\"https:\/\/gameover-project.eu\/wp-content\/uploads\/2025\/06\/brochure_gameover_mocup_EN.png\" class=\"attachment-large size-large wp-image-1280\" alt=\"\" srcset=\"https:\/\/gameover-project.eu\/wp-content\/uploads\/2025\/06\/brochure_gameover_mocup_EN.png 1000w, https:\/\/gameover-project.eu\/wp-content\/uploads\/2025\/06\/brochure_gameover_mocup_EN-300x300.png 300w, https:\/\/gameover-project.eu\/wp-content\/uploads\/2025\/06\/brochure_gameover_mocup_EN-150x150.png 150w, https:\/\/gameover-project.eu\/wp-content\/uploads\/2025\/06\/brochure_gameover_mocup_EN-768x768.png 768w, https:\/\/gameover-project.eu\/wp-content\/uploads\/2025\/06\/brochure_gameover_mocup_EN-700x700.png 700w\" sizes=\"(max-width: 800px) 100vw, 800px\" \/>\t\t\t\t\t\t\t\t<\/a>\n\t\t\t\t\t\t\t\t\t\t\t\t\t\t\t<\/div>\n\t\t\t\t<\/div>\n\t\t\t\t<\/div>\n\t\t\t\t\t<\/div>\n\t\t\t\t<\/div>\n\t\t<div class=\"elementor-element elementor-element-e03da26 e-flex e-con-boxed e-con e-parent\" data-id=\"e03da26\" data-element_type=\"container\">\n\t\t\t\t\t<div class=\"e-con-inner\">\n\t\t<div class=\"elementor-element elementor-element-aa74cc7 e-con-full e-flex e-con e-child\" data-id=\"aa74cc7\" data-element_type=\"container\">\n\t\t\t\t<div class=\"elementor-element elementor-element-be1200c elementor-widget elementor-widget-heading\" data-id=\"be1200c\" data-element_type=\"widget\" data-widget_type=\"heading.default\">\n\t\t\t\t<div class=\"elementor-widget-container\">\n\t\t\t\t\t<h4 class=\"elementor-heading-title elementor-size-default\">1.er Bolet\u00edn<\/h4>\t\t\t\t<\/div>\n\t\t\t\t<\/div>\n\t\t\t\t<div class=\"elementor-element elementor-element-51bf088 elementor-widget elementor-widget-image\" data-id=\"51bf088\" data-element_type=\"widget\" data-widget_type=\"image.default\">\n\t\t\t\t<div class=\"elementor-widget-container\">\n\t\t\t\t\t\t\t\t\t\t\t\t\t\t\t\t<a href=\"https:\/\/gameover-project.eu\/wp-content\/uploads\/2025\/07\/EN_GameOver-1st-Newsletter.pdf\" target=\"_blank\">\n\t\t\t\t\t\t\t<img loading=\"lazy\" decoding=\"async\" width=\"800\" height=\"800\" src=\"https:\/\/gameover-project.eu\/wp-content\/uploads\/2025\/07\/EN_mockup_Newsletter3-1024x1024.png\" class=\"attachment-large size-large wp-image-1372\" alt=\"\" srcset=\"https:\/\/gameover-project.eu\/wp-content\/uploads\/2025\/07\/EN_mockup_Newsletter3-1024x1024.png 1024w, https:\/\/gameover-project.eu\/wp-content\/uploads\/2025\/07\/EN_mockup_Newsletter3-300x300.png 300w, https:\/\/gameover-project.eu\/wp-content\/uploads\/2025\/07\/EN_mockup_Newsletter3-150x150.png 150w, https:\/\/gameover-project.eu\/wp-content\/uploads\/2025\/07\/EN_mockup_Newsletter3-768x768.png 768w, https:\/\/gameover-project.eu\/wp-content\/uploads\/2025\/07\/EN_mockup_Newsletter3-700x700.png 700w, https:\/\/gameover-project.eu\/wp-content\/uploads\/2025\/07\/EN_mockup_Newsletter3.png 1500w\" sizes=\"(max-width: 800px) 100vw, 800px\" \/>\t\t\t\t\t\t\t\t<\/a>\n\t\t\t\t\t\t\t\t\t\t\t\t\t\t\t<\/div>\n\t\t\t\t<\/div>\n\t\t\t\t<\/div>\n\t\t<div class=\"elementor-element elementor-element-06e07c8 e-con-full e-flex e-con e-child\" data-id=\"06e07c8\" data-element_type=\"container\">\n\t\t\t\t<div class=\"elementor-element elementor-element-51f30a8 elementor-widget elementor-widget-heading\" data-id=\"51f30a8\" data-element_type=\"widget\" data-widget_type=\"heading.default\">\n\t\t\t\t<div class=\"elementor-widget-container\">\n\t\t\t\t\t<h4 class=\"elementor-heading-title elementor-size-default\">2.\u00ba Bolet\u00edn<\/h4>\t\t\t\t<\/div>\n\t\t\t\t<\/div>\n\t\t\t\t<div class=\"elementor-element elementor-element-4f2c323 elementor-widget elementor-widget-image\" data-id=\"4f2c323\" data-element_type=\"widget\" data-widget_type=\"image.default\">\n\t\t\t\t<div class=\"elementor-widget-container\">\n\t\t\t\t\t\t\t\t\t\t\t\t\t\t\t\t<a href=\"https:\/\/gameover-project.eu\/wp-content\/uploads\/2025\/12\/ES_GameOver-2nd_compressed.pdf\" target=\"_blank\">\n\t\t\t\t\t\t\t<img loading=\"lazy\" decoding=\"async\" width=\"800\" height=\"800\" src=\"https:\/\/gameover-project.eu\/wp-content\/uploads\/2025\/12\/ES_mockup_Newsletter2.png\" class=\"attachment-large size-large wp-image-1797\" alt=\"\" srcset=\"https:\/\/gameover-project.eu\/wp-content\/uploads\/2025\/12\/ES_mockup_Newsletter2.png 1000w, https:\/\/gameover-project.eu\/wp-content\/uploads\/2025\/12\/ES_mockup_Newsletter2-300x300.png 300w, https:\/\/gameover-project.eu\/wp-content\/uploads\/2025\/12\/ES_mockup_Newsletter2-150x150.png 150w, https:\/\/gameover-project.eu\/wp-content\/uploads\/2025\/12\/ES_mockup_Newsletter2-768x768.png 768w, https:\/\/gameover-project.eu\/wp-content\/uploads\/2025\/12\/ES_mockup_Newsletter2-700x700.png 700w\" sizes=\"(max-width: 800px) 100vw, 800px\" \/>\t\t\t\t\t\t\t\t<\/a>\n\t\t\t\t\t\t\t\t\t\t\t\t\t\t\t<\/div>\n\t\t\t\t<\/div>\n\t\t\t\t<\/div>\n\t\t\t\t\t<\/div>\n\t\t\t\t<\/div>\n\t\t<div class=\"elementor-element elementor-element-d445af1 e-flex e-con-boxed e-con e-parent\" data-id=\"d445af1\" data-element_type=\"container\">\n\t\t\t\t\t<div class=\"e-con-inner\">\n\t\t\t\t<div class=\"elementor-element elementor-element-4581a6c elementor-widget elementor-widget-spacer\" data-id=\"4581a6c\" data-element_type=\"widget\" data-widget_type=\"spacer.default\">\n\t\t\t\t<div class=\"elementor-widget-container\">\n\t\t\t\t\t\t\t<div class=\"elementor-spacer\">\n\t\t\t<div class=\"elementor-spacer-inner\"><\/div>\n\t\t<\/div>\n\t\t\t\t\t\t<\/div>\n\t\t\t\t<\/div>\n\t\t\t\t<div class=\"elementor-element elementor-element-bd605d2 elementor-widget elementor-widget-heading\" data-id=\"bd605d2\" data-element_type=\"widget\" data-widget_type=\"heading.default\">\n\t\t\t\t<div class=\"elementor-widget-container\">\n\t\t\t\t\t<h4 class=\"elementor-heading-title elementor-size-default\">Project Video<\/h4>\t\t\t\t<\/div>\n\t\t\t\t<\/div>\n\t\t\t\t<div class=\"elementor-element elementor-element-09d86f1 elementor-widget elementor-widget-video\" data-id=\"09d86f1\" data-element_type=\"widget\" data-settings=\"{&quot;youtube_url&quot;:&quot;https:\\\/\\\/www.youtube.com\\\/watch?v=nGGgrYT7FgE&quot;,&quot;video_type&quot;:&quot;youtube&quot;,&quot;controls&quot;:&quot;yes&quot;}\" data-widget_type=\"video.default\">\n\t\t\t\t<div class=\"elementor-widget-container\">\n\t\t\t\t\t\t\t<div class=\"elementor-wrapper elementor-open-inline\">\n\t\t\t<div class=\"elementor-video\"><\/div>\t\t<\/div>\n\t\t\t\t\t\t<\/div>\n\t\t\t\t<\/div>\n\t\t\t\t\t<\/div>\n\t\t\t\t<\/div>\n\t\t<div class=\"elementor-element elementor-element-b56e543 e-flex e-con-boxed e-con e-parent\" data-id=\"b56e543\" data-element_type=\"container\">\n\t\t\t\t\t<div class=\"e-con-inner\">\n\t\t\t\t<div class=\"elementor-element elementor-element-1f89fc8 elementor-widget elementor-widget-spacer\" data-id=\"1f89fc8\" data-element_type=\"widget\" data-widget_type=\"spacer.default\">\n\t\t\t\t<div class=\"elementor-widget-container\">\n\t\t\t\t\t\t\t<div class=\"elementor-spacer\">\n\t\t\t<div class=\"elementor-spacer-inner\"><\/div>\n\t\t<\/div>\n\t\t\t\t\t\t<\/div>\n\t\t\t\t<\/div>\n\t\t\t\t\t<\/div>\n\t\t\t\t<\/div>\n\t\t\t\t<\/div>\n\t\t","protected":false},"excerpt":{"rendered":"<p>Materiales \u00a1Explore nuestros recursos! Aqu\u00ed encontrar\u00e1s material informativo disponible para su descarga gratuita. Est\u00e9 atento a las actualizaciones peri\u00f3dicas que destacan las actividades clave, los resultados del proyecto y las pr\u00f3ximas oportunidades para mantenerse informado, participar y ayudar a difundir GameOver. Cartel Folleto 1.er Bolet\u00edn 2.\u00ba Bolet\u00edn Project Video<\/p>\n","protected":false},"author":3,"featured_media":540,"parent":0,"menu_order":0,"comment_status":"closed","ping_status":"closed","template":"","meta":{"footnotes":""},"class_list":["post-537","page","type-page","status-publish","has-post-thumbnail","hentry"],"_links":{"self":[{"href":"https:\/\/gameover-project.eu\/es\/wp-json\/wp\/v2\/pages\/537","targetHints":{"allow":["GET"]}}],"collection":[{"href":"https:\/\/gameover-project.eu\/es\/wp-json\/wp\/v2\/pages"}],"about":[{"href":"https:\/\/gameover-project.eu\/es\/wp-json\/wp\/v2\/types\/page"}],"author":[{"embeddable":true,"href":"https:\/\/gameover-project.eu\/es\/wp-json\/wp\/v2\/users\/3"}],"replies":[{"embeddable":true,"href":"https:\/\/gameover-project.eu\/es\/wp-json\/wp\/v2\/comments?post=537"}],"version-history":[{"count":21,"href":"https:\/\/gameover-project.eu\/es\/wp-json\/wp\/v2\/pages\/537\/revisions"}],"predecessor-version":[{"id":1820,"href":"https:\/\/gameover-project.eu\/es\/wp-json\/wp\/v2\/pages\/537\/revisions\/1820"}],"wp:featuredmedia":[{"embeddable":true,"href":"https:\/\/gameover-project.eu\/es\/wp-json\/wp\/v2\/media\/540"}],"wp:attachment":[{"href":"https:\/\/gameover-project.eu\/es\/wp-json\/wp\/v2\/media?parent=537"}],"curies":[{"name":"wp","href":"https:\/\/api.w.org\/{rel}","templated":true}]}}