{"id":2414,"date":"2026-03-10T12:41:03","date_gmt":"2026-03-10T12:41:03","guid":{"rendered":"https:\/\/gameover-project.eu\/priemoniu-rinkiniai\/"},"modified":"2026-03-26T09:46:49","modified_gmt":"2026-03-26T09:46:49","slug":"priemoniu-rinkiniai","status":"publish","type":"page","link":"https:\/\/gameover-project.eu\/lt\/priemoniu-rinkiniai\/","title":{"rendered":"Priemoni\u0173 rinkiniai"},"content":{"rendered":"\t\t<div data-elementor-type=\"wp-page\" data-elementor-id=\"2414\" class=\"elementor elementor-2414 elementor-2305\" data-elementor-post-type=\"page\">\n\t\t\t\t<div class=\"elementor-element elementor-element-a1e1fb2 e-flex e-con-boxed e-con e-parent\" data-id=\"a1e1fb2\" data-element_type=\"container\" data-settings=\"{&quot;background_background&quot;:&quot;classic&quot;}\">\n\t\t\t\t\t<div class=\"e-con-inner\">\n\t\t<div class=\"elementor-element elementor-element-2947eb8 e-con-full e-flex e-con e-child\" data-id=\"2947eb8\" data-element_type=\"container\">\n\t\t\t\t<div class=\"elementor-element elementor-element-f7793dd elementor-widget elementor-widget-image\" data-id=\"f7793dd\" data-element_type=\"widget\" data-widget_type=\"image.default\">\n\t\t\t\t<div class=\"elementor-widget-container\">\n\t\t\t\t\t\t\t\t\t\t\t\t\t\t\t<img fetchpriority=\"high\" decoding=\"async\" width=\"500\" height=\"500\" src=\"https:\/\/gameover-project.eu\/wp-content\/uploads\/2024\/12\/online-learning.png\" class=\"attachment-full size-full wp-image-566\" alt=\"\" srcset=\"https:\/\/gameover-project.eu\/wp-content\/uploads\/2024\/12\/online-learning.png 500w, https:\/\/gameover-project.eu\/wp-content\/uploads\/2024\/12\/online-learning-300x300.png 300w, https:\/\/gameover-project.eu\/wp-content\/uploads\/2024\/12\/online-learning-150x150.png 150w\" sizes=\"(max-width: 500px) 100vw, 500px\" \/>\t\t\t\t\t\t\t\t\t\t\t\t\t\t\t<\/div>\n\t\t\t\t<\/div>\n\t\t\t\t<\/div>\n\t\t<div class=\"elementor-element elementor-element-0d6a5fb e-con-full e-flex e-con e-child\" data-id=\"0d6a5fb\" data-element_type=\"container\">\n\t\t\t\t<div class=\"elementor-element elementor-element-0898ed8 elementor-widget elementor-widget-heading\" data-id=\"0898ed8\" data-element_type=\"widget\" data-widget_type=\"heading.default\">\n\t\t\t\t<div class=\"elementor-widget-container\">\n\t\t\t\t\t<h2 class=\"elementor-heading-title elementor-size-default\">Priemoni\u0173 rinkiniai, skirti probleminiam internetini\u0173 \u017eaidim\u0173 naudojimui spr\u0119sti<\/h2>\t\t\t\t<\/div>\n\t\t\t\t<\/div>\n\t\t\t\t<\/div>\n\t\t\t\t\t<\/div>\n\t\t\t\t<\/div>\n\t\t<div class=\"elementor-element elementor-element-5666aa5 e-flex e-con-boxed e-con e-parent\" data-id=\"5666aa5\" data-element_type=\"container\">\n\t\t\t\t\t<div class=\"e-con-inner\">\n\t\t\t\t<div class=\"elementor-element elementor-element-9b2aab9 elementor-widget elementor-widget-spacer\" data-id=\"9b2aab9\" data-element_type=\"widget\" data-widget_type=\"spacer.default\">\n\t\t\t\t<div class=\"elementor-widget-container\">\n\t\t\t\t\t\t\t<div class=\"elementor-spacer\">\n\t\t\t<div class=\"elementor-spacer-inner\"><\/div>\n\t\t<\/div>\n\t\t\t\t\t\t<\/div>\n\t\t\t\t<\/div>\n\t\t\t\t<div class=\"elementor-element elementor-element-3067fec elementor-widget elementor-widget-text-editor\" data-id=\"3067fec\" data-element_type=\"widget\" data-widget_type=\"text-editor.default\">\n\t\t\t\t<div class=\"elementor-widget-container\">\n\t\t\t\t\t\t\t\t\t<p>\u201eGameOver\u201c priemoni\u0173 rinkiniai suteikia praktinius i\u0161teklius, padedan\u010dius mokiniams, mokytojams ir t\u0117vams suprasti bei valdyti internetini\u0173 \u017eaidim\u0173 \u012fpro\u010dius.<\/p><p>Juose pateikiamos paruo\u0161tos naudoti veiklos, rekomendacijos ir real\u016bs pavyzd\u017eiai, skirti didinti s\u0105moningum\u0105, skatinti subalansuot\u0105 elges\u012f ir pad\u0117ti ankstyvai u\u017ekirsti keli\u0105 problemi\u0161kam \u017eaidimui.<\/p>\t\t\t\t\t\t\t\t<\/div>\n\t\t\t\t<\/div>\n\t\t\t\t<div class=\"elementor-element elementor-element-f7eb15f elementor-widget elementor-widget-spacer\" data-id=\"f7eb15f\" data-element_type=\"widget\" data-widget_type=\"spacer.default\">\n\t\t\t\t<div class=\"elementor-widget-container\">\n\t\t\t\t\t\t\t<div class=\"elementor-spacer\">\n\t\t\t<div class=\"elementor-spacer-inner\"><\/div>\n\t\t<\/div>\n\t\t\t\t\t\t<\/div>\n\t\t\t\t<\/div>\n\t\t\t\t\t<\/div>\n\t\t\t\t<\/div>\n\t\t<div class=\"elementor-element elementor-element-8717958 e-flex e-con-boxed e-con e-child\" data-id=\"8717958\" data-element_type=\"container\">\n\t\t\t\t\t<div class=\"e-con-inner\">\n\t\t<div class=\"elementor-element elementor-element-fc73a44 e-con-full e-flex e-con e-child\" data-id=\"fc73a44\" data-element_type=\"container\">\n\t\t\t\t<div class=\"elementor-element elementor-element-f8a04b8 elementor-widget elementor-widget-image\" data-id=\"f8a04b8\" data-element_type=\"widget\" data-widget_type=\"image.default\">\n\t\t\t\t<div class=\"elementor-widget-container\">\n\t\t\t\t\t\t\t\t\t\t\t\t\t\t\t\t<a href=\"https:\/\/gameover-project.eu\/wp-content\/uploads\/2026\/03\/LT_toolkit_STUDENTS.pdf\" target=\"_blank\">\n\t\t\t\t\t\t\t<img decoding=\"async\" width=\"1241\" height=\"1754\" src=\"https:\/\/gameover-project.eu\/wp-content\/uploads\/2026\/03\/LT_toolkit_STUDENTS.jpg\" class=\"attachment-full size-full wp-image-2454\" alt=\"\" srcset=\"https:\/\/gameover-project.eu\/wp-content\/uploads\/2026\/03\/LT_toolkit_STUDENTS.jpg 1241w, https:\/\/gameover-project.eu\/wp-content\/uploads\/2026\/03\/LT_toolkit_STUDENTS-212x300.jpg 212w, https:\/\/gameover-project.eu\/wp-content\/uploads\/2026\/03\/LT_toolkit_STUDENTS-725x1024.jpg 725w, https:\/\/gameover-project.eu\/wp-content\/uploads\/2026\/03\/LT_toolkit_STUDENTS-768x1085.jpg 768w, https:\/\/gameover-project.eu\/wp-content\/uploads\/2026\/03\/LT_toolkit_STUDENTS-1087x1536.jpg 1087w\" sizes=\"(max-width: 1241px) 100vw, 1241px\" \/>\t\t\t\t\t\t\t\t<\/a>\n\t\t\t\t\t\t\t\t\t\t\t\t\t\t\t<\/div>\n\t\t\t\t<\/div>\n\t\t\t\t<div class=\"elementor-element elementor-element-4759f7b text-center elementor-widget elementor-widget-tp-heading-title\" data-id=\"4759f7b\" data-element_type=\"widget\" data-widget_type=\"tp-heading-title.default\">\n\t\t\t\t<div class=\"elementor-widget-container\">\n\t\t\t\t\t<div class=\"heading heading_style heading_style69ef7c6db9428 style-1 \" ><div class=\"sub-style \"  ><div class=\"head-title \" > <h2  class=\"heading-title   \"   data-hover=\"\u012eranki\u0173 rinkinys 1\">\u012eranki\u0173 rinkinys 1<span class=\"title-s \">  <\/span><\/h2><\/div><div class=\"sub-heading\"><h3 class=\"heading-sub-title  \"> Mokiniams <\/h3><\/div><\/div><\/div>\t\t\t\t<\/div>\n\t\t\t\t<\/div>\n\t\t\t\t<div class=\"elementor-element elementor-element-454d9a9 elementor-align-center elementor-widget__width-inherit elementor-widget elementor-widget-button\" data-id=\"454d9a9\" data-element_type=\"widget\" data-widget_type=\"button.default\">\n\t\t\t\t<div class=\"elementor-widget-container\">\n\t\t\t\t\t\t\t\t\t<div class=\"elementor-button-wrapper\">\n\t\t\t\t\t<a class=\"elementor-button elementor-button-link elementor-size-sm\" href=\"https:\/\/gameover-project.eu\/wp-content\/uploads\/2026\/03\/LT_toolkit_STUDENTS.pdf\" target=\"_blank\">\n\t\t\t\t\t\t<span class=\"elementor-button-content-wrapper\">\n\t\t\t\t\t\t\t\t\t<span class=\"elementor-button-text\">Paspauskite \u010dia<\/span>\n\t\t\t\t\t<\/span>\n\t\t\t\t\t<\/a>\n\t\t\t\t<\/div>\n\t\t\t\t\t\t\t\t<\/div>\n\t\t\t\t<\/div>\n\t\t\t\t<\/div>\n\t\t<div class=\"elementor-element elementor-element-19256ed e-con-full e-flex e-con e-child\" data-id=\"19256ed\" data-element_type=\"container\">\n\t\t\t\t<div class=\"elementor-element elementor-element-4794989 elementor-widget elementor-widget-image\" data-id=\"4794989\" data-element_type=\"widget\" data-widget_type=\"image.default\">\n\t\t\t\t<div class=\"elementor-widget-container\">\n\t\t\t\t\t\t\t\t\t\t\t\t\t\t\t\t<a href=\"https:\/\/gameover-project.eu\/wp-content\/uploads\/2026\/03\/LT_toolkit_EDUCATORS.pdf\" target=\"_blank\">\n\t\t\t\t\t\t\t<img decoding=\"async\" width=\"1241\" height=\"1754\" src=\"https:\/\/gameover-project.eu\/wp-content\/uploads\/2026\/03\/LT_toolkit_EDUCATORS.jpg\" class=\"attachment-full size-full wp-image-2459\" alt=\"\" srcset=\"https:\/\/gameover-project.eu\/wp-content\/uploads\/2026\/03\/LT_toolkit_EDUCATORS.jpg 1241w, https:\/\/gameover-project.eu\/wp-content\/uploads\/2026\/03\/LT_toolkit_EDUCATORS-212x300.jpg 212w, https:\/\/gameover-project.eu\/wp-content\/uploads\/2026\/03\/LT_toolkit_EDUCATORS-725x1024.jpg 725w, https:\/\/gameover-project.eu\/wp-content\/uploads\/2026\/03\/LT_toolkit_EDUCATORS-768x1085.jpg 768w, https:\/\/gameover-project.eu\/wp-content\/uploads\/2026\/03\/LT_toolkit_EDUCATORS-1087x1536.jpg 1087w\" sizes=\"(max-width: 1241px) 100vw, 1241px\" \/>\t\t\t\t\t\t\t\t<\/a>\n\t\t\t\t\t\t\t\t\t\t\t\t\t\t\t<\/div>\n\t\t\t\t<\/div>\n\t\t\t\t<div class=\"elementor-element elementor-element-bee491e text-center elementor-widget elementor-widget-tp-heading-title\" data-id=\"bee491e\" data-element_type=\"widget\" data-widget_type=\"tp-heading-title.default\">\n\t\t\t\t<div class=\"elementor-widget-container\">\n\t\t\t\t\t<div class=\"heading heading_style heading_style69ef7c6dbcaa9 style-1 \" ><div class=\"sub-style \"  ><div class=\"head-title \" > <h2  class=\"heading-title   \"   data-hover=\"Priemoni\u0173 rinkinys 2\">Priemoni\u0173 rinkinys 2<span class=\"title-s \">  <\/span><\/h2><\/div><div class=\"sub-heading\"><h3 class=\"heading-sub-title  \"> Pedagogams <\/h3><\/div><\/div><\/div>\t\t\t\t<\/div>\n\t\t\t\t<\/div>\n\t\t\t\t<div class=\"elementor-element elementor-element-c0ded2d elementor-align-center elementor-widget__width-inherit elementor-widget elementor-widget-button\" data-id=\"c0ded2d\" data-element_type=\"widget\" data-widget_type=\"button.default\">\n\t\t\t\t<div class=\"elementor-widget-container\">\n\t\t\t\t\t\t\t\t\t<div class=\"elementor-button-wrapper\">\n\t\t\t\t\t<a class=\"elementor-button elementor-button-link elementor-size-sm\" href=\"https:\/\/gameover-project.eu\/wp-content\/uploads\/2026\/03\/LT_toolkit_EDUCATORS.pdf\" target=\"_blank\">\n\t\t\t\t\t\t<span class=\"elementor-button-content-wrapper\">\n\t\t\t\t\t\t\t\t\t<span class=\"elementor-button-text\">Paspauskite \u010dia<\/span>\n\t\t\t\t\t<\/span>\n\t\t\t\t\t<\/a>\n\t\t\t\t<\/div>\n\t\t\t\t\t\t\t\t<\/div>\n\t\t\t\t<\/div>\n\t\t\t\t<\/div>\n\t\t<div class=\"elementor-element elementor-element-0e4bcec e-con-full e-flex e-con e-child\" data-id=\"0e4bcec\" data-element_type=\"container\">\n\t\t\t\t<div class=\"elementor-element elementor-element-c12bc39 elementor-widget elementor-widget-image\" data-id=\"c12bc39\" data-element_type=\"widget\" data-widget_type=\"image.default\">\n\t\t\t\t<div class=\"elementor-widget-container\">\n\t\t\t\t\t\t\t\t\t\t\t\t\t\t\t\t<a href=\"https:\/\/gameover-project.eu\/wp-content\/uploads\/2026\/03\/LT_toolkit_PARENTS.pdf\" target=\"_blank\">\n\t\t\t\t\t\t\t<img loading=\"lazy\" decoding=\"async\" width=\"1241\" height=\"1754\" src=\"https:\/\/gameover-project.eu\/wp-content\/uploads\/2026\/03\/LT_toolkit_PARENTS.jpg\" class=\"attachment-full size-full wp-image-2464\" alt=\"\" srcset=\"https:\/\/gameover-project.eu\/wp-content\/uploads\/2026\/03\/LT_toolkit_PARENTS.jpg 1241w, https:\/\/gameover-project.eu\/wp-content\/uploads\/2026\/03\/LT_toolkit_PARENTS-212x300.jpg 212w, https:\/\/gameover-project.eu\/wp-content\/uploads\/2026\/03\/LT_toolkit_PARENTS-725x1024.jpg 725w, https:\/\/gameover-project.eu\/wp-content\/uploads\/2026\/03\/LT_toolkit_PARENTS-768x1085.jpg 768w, https:\/\/gameover-project.eu\/wp-content\/uploads\/2026\/03\/LT_toolkit_PARENTS-1087x1536.jpg 1087w\" sizes=\"(max-width: 1241px) 100vw, 1241px\" \/>\t\t\t\t\t\t\t\t<\/a>\n\t\t\t\t\t\t\t\t\t\t\t\t\t\t\t<\/div>\n\t\t\t\t<\/div>\n\t\t\t\t<div class=\"elementor-element elementor-element-46767d5 text-center elementor-widget elementor-widget-tp-heading-title\" data-id=\"46767d5\" data-element_type=\"widget\" data-widget_type=\"tp-heading-title.default\">\n\t\t\t\t<div class=\"elementor-widget-container\">\n\t\t\t\t\t<div class=\"heading heading_style heading_style69ef7c6dbf1c6 style-1 \" ><div class=\"sub-style \"  ><div class=\"head-title \" > <h2  class=\"heading-title   \"   data-hover=\"\u012eranki\u0173 rinkinys 3\">\u012eranki\u0173 rinkinys 3<span class=\"title-s \">  <\/span><\/h2><\/div><div class=\"sub-heading\"><h3 class=\"heading-sub-title  \"> T\u0117vams <\/h3><\/div><\/div><\/div>\t\t\t\t<\/div>\n\t\t\t\t<\/div>\n\t\t\t\t<div class=\"elementor-element elementor-element-9369324 elementor-align-center elementor-widget__width-inherit elementor-widget elementor-widget-button\" data-id=\"9369324\" data-element_type=\"widget\" data-widget_type=\"button.default\">\n\t\t\t\t<div class=\"elementor-widget-container\">\n\t\t\t\t\t\t\t\t\t<div class=\"elementor-button-wrapper\">\n\t\t\t\t\t<a class=\"elementor-button elementor-button-link elementor-size-sm\" href=\"https:\/\/gameover-project.eu\/wp-content\/uploads\/2026\/03\/LT_toolkit_PARENTS.pdf\" target=\"_blank\">\n\t\t\t\t\t\t<span class=\"elementor-button-content-wrapper\">\n\t\t\t\t\t\t\t\t\t<span class=\"elementor-button-text\">Paspauskite \u010dia<\/span>\n\t\t\t\t\t<\/span>\n\t\t\t\t\t<\/a>\n\t\t\t\t<\/div>\n\t\t\t\t\t\t\t\t<\/div>\n\t\t\t\t<\/div>\n\t\t\t\t<\/div>\n\t\t\t\t\t<\/div>\n\t\t\t\t<\/div>\n\t\t<div class=\"elementor-element elementor-element-aa2b636 e-flex e-con-boxed e-con e-parent\" data-id=\"aa2b636\" data-element_type=\"container\">\n\t\t\t\t\t<div class=\"e-con-inner\">\n\t\t\t\t<div class=\"elementor-element elementor-element-2684c24 elementor-widget elementor-widget-spacer\" data-id=\"2684c24\" data-element_type=\"widget\" data-widget_type=\"spacer.default\">\n\t\t\t\t<div class=\"elementor-widget-container\">\n\t\t\t\t\t\t\t<div class=\"elementor-spacer\">\n\t\t\t<div class=\"elementor-spacer-inner\"><\/div>\n\t\t<\/div>\n\t\t\t\t\t\t<\/div>\n\t\t\t\t<\/div>\n\t\t\t\t\t<\/div>\n\t\t\t\t<\/div>\n\t\t\t\t<\/div>\n\t\t","protected":false},"excerpt":{"rendered":"<p>Priemoni\u0173 rinkiniai, skirti probleminiam internetini\u0173 \u017eaidim\u0173 naudojimui spr\u0119sti \u201eGameOver\u201c priemoni\u0173 rinkiniai suteikia praktinius i\u0161teklius, padedan\u010dius mokiniams, mokytojams ir t\u0117vams suprasti bei valdyti internetini\u0173 \u017eaidim\u0173 \u012fpro\u010dius. Juose pateikiamos paruo\u0161tos naudoti veiklos, rekomendacijos ir real\u016bs pavyzd\u017eiai, skirti didinti s\u0105moningum\u0105, skatinti subalansuot\u0105 elges\u012f ir pad\u0117ti ankstyvai u\u017ekirsti keli\u0105 problemi\u0161kam \u017eaidimui. \u012eranki\u0173 rinkinys 1 Mokiniams Paspauskite \u010dia Priemoni\u0173 rinkinys [&hellip;]<\/p>\n","protected":false},"author":2,"featured_media":0,"parent":0,"menu_order":0,"comment_status":"closed","ping_status":"closed","template":"","meta":{"footnotes":""},"class_list":["post-2414","page","type-page","status-publish","hentry"],"_links":{"self":[{"href":"https:\/\/gameover-project.eu\/lt\/wp-json\/wp\/v2\/pages\/2414","targetHints":{"allow":["GET"]}}],"collection":[{"href":"https:\/\/gameover-project.eu\/lt\/wp-json\/wp\/v2\/pages"}],"about":[{"href":"https:\/\/gameover-project.eu\/lt\/wp-json\/wp\/v2\/types\/page"}],"author":[{"embeddable":true,"href":"https:\/\/gameover-project.eu\/lt\/wp-json\/wp\/v2\/users\/2"}],"replies":[{"embeddable":true,"href":"https:\/\/gameover-project.eu\/lt\/wp-json\/wp\/v2\/comments?post=2414"}],"version-history":[{"count":7,"href":"https:\/\/gameover-project.eu\/lt\/wp-json\/wp\/v2\/pages\/2414\/revisions"}],"predecessor-version":[{"id":2589,"href":"https:\/\/gameover-project.eu\/lt\/wp-json\/wp\/v2\/pages\/2414\/revisions\/2589"}],"wp:attachment":[{"href":"https:\/\/gameover-project.eu\/lt\/wp-json\/wp\/v2\/media?parent=2414"}],"curies":[{"name":"wp","href":"https:\/\/api.w.org\/{rel}","templated":true}]}}