{"id":575,"date":"2025-03-27T13:50:58","date_gmt":"2025-03-27T13:50:58","guid":{"rendered":"https:\/\/gameover-project.eu\/apie\/"},"modified":"2025-03-31T07:16:15","modified_gmt":"2025-03-31T07:16:15","slug":"apie","status":"publish","type":"page","link":"https:\/\/gameover-project.eu\/lt\/apie\/","title":{"rendered":"Apie"},"content":{"rendered":"\t\t<div data-elementor-type=\"wp-page\" data-elementor-id=\"575\" class=\"elementor elementor-575 elementor-52\" data-elementor-post-type=\"page\">\n\t\t\t\t<div class=\"elementor-element elementor-element-3caded2 e-flex e-con-boxed e-con e-parent\" data-id=\"3caded2\" data-element_type=\"container\" data-settings=\"{&quot;background_background&quot;:&quot;classic&quot;}\">\n\t\t\t\t\t<div class=\"e-con-inner\">\n\t\t<div class=\"elementor-element elementor-element-244f05a e-con-full e-flex e-con e-child\" data-id=\"244f05a\" data-element_type=\"container\">\n\t\t\t\t<div class=\"elementor-element elementor-element-0f47e3d elementor-widget elementor-widget-image\" data-id=\"0f47e3d\" data-element_type=\"widget\" data-widget_type=\"image.default\">\n\t\t\t\t<div class=\"elementor-widget-container\">\n\t\t\t\t\t\t\t\t\t\t\t\t\t\t\t<img fetchpriority=\"high\" decoding=\"async\" width=\"800\" height=\"800\" src=\"https:\/\/gameover-project.eu\/wp-content\/uploads\/2025\/01\/images_website-11-11.png\" class=\"attachment-large size-large wp-image-576\" alt=\"\" srcset=\"https:\/\/gameover-project.eu\/wp-content\/uploads\/2025\/01\/images_website-11-11.png 1000w, https:\/\/gameover-project.eu\/wp-content\/uploads\/2025\/01\/images_website-11-11-300x300.png 300w, https:\/\/gameover-project.eu\/wp-content\/uploads\/2025\/01\/images_website-11-11-150x150.png 150w, https:\/\/gameover-project.eu\/wp-content\/uploads\/2025\/01\/images_website-11-11-768x768.png 768w, https:\/\/gameover-project.eu\/wp-content\/uploads\/2025\/01\/images_website-11-11-700x700.png 700w\" sizes=\"(max-width: 800px) 100vw, 800px\" \/>\t\t\t\t\t\t\t\t\t\t\t\t\t\t\t<\/div>\n\t\t\t\t<\/div>\n\t\t\t\t<\/div>\n\t\t<div class=\"elementor-element elementor-element-5d30048 e-con-full e-flex e-con e-child\" data-id=\"5d30048\" data-element_type=\"container\">\n\t\t\t\t<div class=\"elementor-element elementor-element-bcbcd53 elementor-widget elementor-widget-heading\" data-id=\"bcbcd53\" data-element_type=\"widget\" data-widget_type=\"heading.default\">\n\t\t\t\t<div class=\"elementor-widget-container\">\n\t\t\t\t\t<h2 class=\"elementor-heading-title elementor-size-default\">Apie projekt\u0105<\/h2>\t\t\t\t<\/div>\n\t\t\t\t<\/div>\n\t\t\t\t<\/div>\n\t\t\t\t\t<\/div>\n\t\t\t\t<\/div>\n\t\t<div class=\"elementor-element elementor-element-0c1c808 e-flex e-con-boxed e-con e-parent\" data-id=\"0c1c808\" data-element_type=\"container\">\n\t\t\t\t\t<div class=\"e-con-inner\">\n\t\t<div class=\"elementor-element elementor-element-3103f19 e-con-full e-flex e-con e-child\" data-id=\"3103f19\" data-element_type=\"container\">\n\t\t\t\t<div class=\"elementor-element elementor-element-369f841 elementor-widget elementor-widget-heading\" data-id=\"369f841\" data-element_type=\"widget\" data-widget_type=\"heading.default\">\n\t\t\t\t<div class=\"elementor-widget-container\">\n\t\t\t\t\t<h3 class=\"elementor-heading-title elementor-size-default\">I\u0161\u0161\u016bkis<\/h3>\t\t\t\t<\/div>\n\t\t\t\t<\/div>\n\t\t\t\t<div class=\"elementor-element elementor-element-134547f elementor-widget elementor-widget-text-editor\" data-id=\"134547f\" data-element_type=\"widget\" data-widget_type=\"text-editor.default\">\n\t\t\t\t<div class=\"elementor-widget-container\">\n\t\t\t\t\t\t\t\t\t<p>\u0160iais skaitmeniniais laikais internetiniai \u017eaidimai yra \u012fprastas jaunimo laisvalaikio u\u017esi\u0117mimas. Nors \u017eaidimai gali suteikti naudos, tokios kaip pager\u0117j\u0119 pa\u017eintiniai \u012fg\u016bd\u017eiai ir pramogos, pernelyg intensyvus \u017eaidimas gali sukelti \u017ealing\u0173 pasekmi\u0173. Probleminis internetini\u0173 \u017eaidim\u0173 naudojimas (POG) tampa vis didesniu r\u016bpes\u010diu, neigiamai veikian\u010diu vaik\u0173 moksl\u0105, socialinius santykius ir bendr\u0105 psichikos sveikat\u0105. Ilgalaikis \u017eaidimas siejamas su agresija, socialiniu u\u017edarumu, prastais akademiniais rezultatais ir net priklausomybe, tod\u0117l b\u016btina nedelsiant imtis prevencini\u0173 priemoni\u0173.<\/p>\n\t\t\t\t\t\t\t\t<\/div>\n\t\t\t\t<\/div>\n\t\t\t\t<\/div>\n\t\t<div class=\"elementor-element elementor-element-1fba504 e-con-full e-flex e-con e-child\" data-id=\"1fba504\" data-element_type=\"container\">\n\t\t\t\t<div class=\"elementor-element elementor-element-4537e4a elementor-widget elementor-widget-heading\" data-id=\"4537e4a\" data-element_type=\"widget\" data-widget_type=\"heading.default\">\n\t\t\t\t<div class=\"elementor-widget-container\">\n\t\t\t\t\t<h3 class=\"elementor-heading-title elementor-size-default\">Tikslas<\/h3>\t\t\t\t<\/div>\n\t\t\t\t<\/div>\n\t\t\t\t<div class=\"elementor-element elementor-element-c4b8bf0 elementor-widget elementor-widget-text-editor\" data-id=\"c4b8bf0\" data-element_type=\"widget\" data-widget_type=\"text-editor.default\">\n\t\t\t\t<div class=\"elementor-widget-container\">\n\t\t\t\t\t\t\t\t\t<p>\u201eGameOver\u201c yra projektas, skirtas spr\u0119sti POG i\u0161\u0161\u016bkius tarp 12\u201316 met\u0173 mokini\u0173. Jo tikslas \u2013 suteikti tiek mokiniams, tiek mokytojams \u017eini\u0173 apie problemin\u012f internetin\u012f \u017eaidim\u0105 ir jo neigiamus padarinius. Projektas sutelktas \u012f prevencij\u0105, ankstyv\u0105 nustatym\u0105 ir intervencij\u0105, pateikiant i\u0161samius i\u0161teklius ir strategijas mokytojams, mokiniams bei t\u0117vams. Visapusi\u0161kai spr\u0119sdamas \u0161i\u0105 problem\u0105, \u201eGameOver\u201c siekia skatinti sveikesnius skaitmeninius \u012fpro\u010dius bei didinti s\u0105moningum\u0105 tiek \u0161vietimo bendruomen\u0117se, tiek u\u017e j\u0173 rib\u0173.<\/p>\n\t\t\t\t\t\t\t\t<\/div>\n\t\t\t\t<\/div>\n\t\t\t\t<\/div>\n\t\t\t\t\t<\/div>\n\t\t\t\t<\/div>\n\t\t<div class=\"elementor-element elementor-element-ea9886d e-flex e-con-boxed e-con e-parent\" data-id=\"ea9886d\" data-element_type=\"container\">\n\t\t\t\t\t<div class=\"e-con-inner\">\n\t\t<div class=\"elementor-element elementor-element-d2f4a00 e-con-full e-flex e-con e-child\" data-id=\"d2f4a00\" data-element_type=\"container\">\n\t\t\t\t<div class=\"elementor-element elementor-element-9b39556 elementor-widget elementor-widget-image\" data-id=\"9b39556\" data-element_type=\"widget\" data-widget_type=\"image.default\">\n\t\t\t\t<div class=\"elementor-widget-container\">\n\t\t\t\t\t\t\t\t\t\t\t\t\t\t\t<img decoding=\"async\" width=\"800\" height=\"800\" src=\"https:\/\/gameover-project.eu\/wp-content\/uploads\/2025\/01\/images_website-06.png\" class=\"attachment-large size-large wp-image-577\" alt=\"\" srcset=\"https:\/\/gameover-project.eu\/wp-content\/uploads\/2025\/01\/images_website-06.png 1000w, https:\/\/gameover-project.eu\/wp-content\/uploads\/2025\/01\/images_website-06-300x300.png 300w, https:\/\/gameover-project.eu\/wp-content\/uploads\/2025\/01\/images_website-06-150x150.png 150w, https:\/\/gameover-project.eu\/wp-content\/uploads\/2025\/01\/images_website-06-768x768.png 768w, https:\/\/gameover-project.eu\/wp-content\/uploads\/2025\/01\/images_website-06-700x700.png 700w\" sizes=\"(max-width: 800px) 100vw, 800px\" \/>\t\t\t\t\t\t\t\t\t\t\t\t\t\t\t<\/div>\n\t\t\t\t<\/div>\n\t\t\t\t<\/div>\n\t\t<div class=\"elementor-element elementor-element-8af2556 e-con-full e-flex e-con e-child\" data-id=\"8af2556\" data-element_type=\"container\">\n\t\t\t\t<div class=\"elementor-element elementor-element-4d67a8e elementor-widget elementor-widget-heading\" data-id=\"4d67a8e\" data-element_type=\"widget\" data-widget_type=\"heading.default\">\n\t\t\t\t<div class=\"elementor-widget-container\">\n\t\t\t\t\t<h3 class=\"elementor-heading-title elementor-size-default\">U\u017edaviniai<\/h3>\t\t\t\t<\/div>\n\t\t\t\t<\/div>\n\t\t\t\t<div class=\"elementor-element elementor-element-47a3bc9 elementor-widget elementor-widget-spacer\" data-id=\"47a3bc9\" data-element_type=\"widget\" data-widget_type=\"spacer.default\">\n\t\t\t\t<div class=\"elementor-widget-container\">\n\t\t\t\t\t\t\t<div class=\"elementor-spacer\">\n\t\t\t<div class=\"elementor-spacer-inner\"><\/div>\n\t\t<\/div>\n\t\t\t\t\t\t<\/div>\n\t\t\t\t<\/div>\n\t\t\t\t<div class=\"elementor-element elementor-element-7025271 elementor-icon-list--layout-traditional elementor-list-item-link-full_width elementor-widget elementor-widget-icon-list\" data-id=\"7025271\" data-element_type=\"widget\" data-widget_type=\"icon-list.default\">\n\t\t\t\t<div class=\"elementor-widget-container\">\n\t\t\t\t\t\t\t<ul class=\"elementor-icon-list-items\">\n\t\t\t\t\t\t\t<li class=\"elementor-icon-list-item\">\n\t\t\t\t\t\t\t\t\t\t\t<span class=\"elementor-icon-list-icon\">\n\t\t\t\t\t\t\t<i aria-hidden=\"true\" class=\"fas fa-check-square\"><\/i>\t\t\t\t\t\t<\/span>\n\t\t\t\t\t\t\t\t\t\t<span class=\"elementor-icon-list-text\"><strong>Kelti<\/strong> mokini\u0173, t\u0117v\u0173 ir mokytoj\u0173 s\u0105moningum\u0105 apie problemini\u0173 internetini\u0173 \u017eaidim\u0173 keliamas rizikas.<\/span>\n\t\t\t\t\t\t\t\t\t<\/li>\n\t\t\t\t\t\t\t\t<li class=\"elementor-icon-list-item\">\n\t\t\t\t\t\t\t\t\t\t\t<span class=\"elementor-icon-list-icon\">\n\t\t\t\t\t\t\t<i aria-hidden=\"true\" class=\"fas fa-check-square\"><\/i>\t\t\t\t\t\t<\/span>\n\t\t\t\t\t\t\t\t\t\t<span class=\"elementor-icon-list-text\"><strong>Ankstyvasis<\/strong> nustatymas kuriant specializuot\u0105 priemon\u0119, skirt\u0105 atpa\u017einti ankstyvuosius priklausomyb\u0117s nuo \u017eaidim\u0173 po\u017eymius.<\/span>\n\t\t\t\t\t\t\t\t\t<\/li>\n\t\t\t\t\t\t\t\t<li class=\"elementor-icon-list-item\">\n\t\t\t\t\t\t\t\t\t\t\t<span class=\"elementor-icon-list-icon\">\n\t\t\t\t\t\t\t<i aria-hidden=\"true\" class=\"fas fa-check-square\"><\/i>\t\t\t\t\t\t<\/span>\n\t\t\t\t\t\t\t\t\t\t<span class=\"elementor-icon-list-text\"><strong>Suteikti<\/strong> \u0161vietimo bendruomenei priemones, padedan\u010dias spr\u0119sti \u017eaidim\u0173 priklausomyb\u0117s problem\u0105 ankstyvoje stadijoje.<\/span>\n\t\t\t\t\t\t\t\t\t<\/li>\n\t\t\t\t\t\t\t\t<li class=\"elementor-icon-list-item\">\n\t\t\t\t\t\t\t\t\t\t\t<span class=\"elementor-icon-list-icon\">\n\t\t\t\t\t\t\t<i aria-hidden=\"true\" class=\"fas fa-check-square\"><\/i>\t\t\t\t\t\t<\/span>\n\t\t\t\t\t\t\t\t\t\t<span class=\"elementor-icon-list-text\"><strong>Ypatingas<\/strong> d\u0117mesys skiriamas mokiniams, turintiems ma\u017eiau galimybi\u0173, kad jie i\u0161vengt\u0173 priklausomyb\u0117s nuo internetini\u0173 \u017eaidim\u0173.<\/span>\n\t\t\t\t\t\t\t\t\t<\/li>\n\t\t\t\t\t\t<\/ul>\n\t\t\t\t\t\t<\/div>\n\t\t\t\t<\/div>\n\t\t\t\t<\/div>\n\t\t\t\t\t<\/div>\n\t\t\t\t<\/div>\n\t\t\t\t<\/div>\n\t\t","protected":false},"excerpt":{"rendered":"<p>Apie projekt\u0105 I\u0161\u0161\u016bkis \u0160iais skaitmeniniais laikais internetiniai \u017eaidimai yra \u012fprastas jaunimo laisvalaikio u\u017esi\u0117mimas. Nors \u017eaidimai gali suteikti naudos, tokios kaip pager\u0117j\u0119 pa\u017eintiniai \u012fg\u016bd\u017eiai ir pramogos, pernelyg intensyvus \u017eaidimas gali sukelti \u017ealing\u0173 pasekmi\u0173. Probleminis internetini\u0173 \u017eaidim\u0173 naudojimas (POG) tampa vis didesniu r\u016bpes\u010diu, neigiamai veikian\u010diu vaik\u0173 moksl\u0105, socialinius santykius ir bendr\u0105 psichikos sveikat\u0105. Ilgalaikis \u017eaidimas siejamas su [&hellip;]<\/p>\n","protected":false},"author":3,"featured_media":578,"parent":0,"menu_order":0,"comment_status":"closed","ping_status":"closed","template":"","meta":{"footnotes":""},"class_list":["post-575","page","type-page","status-publish","has-post-thumbnail","hentry"],"_links":{"self":[{"href":"https:\/\/gameover-project.eu\/lt\/wp-json\/wp\/v2\/pages\/575","targetHints":{"allow":["GET"]}}],"collection":[{"href":"https:\/\/gameover-project.eu\/lt\/wp-json\/wp\/v2\/pages"}],"about":[{"href":"https:\/\/gameover-project.eu\/lt\/wp-json\/wp\/v2\/types\/page"}],"author":[{"embeddable":true,"href":"https:\/\/gameover-project.eu\/lt\/wp-json\/wp\/v2\/users\/3"}],"replies":[{"embeddable":true,"href":"https:\/\/gameover-project.eu\/lt\/wp-json\/wp\/v2\/comments?post=575"}],"version-history":[{"count":9,"href":"https:\/\/gameover-project.eu\/lt\/wp-json\/wp\/v2\/pages\/575\/revisions"}],"predecessor-version":[{"id":1095,"href":"https:\/\/gameover-project.eu\/lt\/wp-json\/wp\/v2\/pages\/575\/revisions\/1095"}],"wp:featuredmedia":[{"embeddable":true,"href":"https:\/\/gameover-project.eu\/lt\/wp-json\/wp\/v2\/media\/578"}],"wp:attachment":[{"href":"https:\/\/gameover-project.eu\/lt\/wp-json\/wp\/v2\/media?parent=575"}],"curies":[{"name":"wp","href":"https:\/\/api.w.org\/{rel}","templated":true}]}}