{"id":590,"date":"2025-03-28T07:22:09","date_gmt":"2025-03-28T07:22:09","guid":{"rendered":"https:\/\/gameover-project.eu\/rezultatai\/"},"modified":"2026-03-10T15:33:29","modified_gmt":"2026-03-10T15:33:29","slug":"rezultatai","status":"publish","type":"page","link":"https:\/\/gameover-project.eu\/lt\/rezultatai\/","title":{"rendered":"Rezultatai"},"content":{"rendered":"\t\t<div data-elementor-type=\"wp-page\" data-elementor-id=\"590\" class=\"elementor elementor-590 elementor-54\" data-elementor-post-type=\"page\">\n\t\t\t\t<div class=\"elementor-element elementor-element-c9062cf e-flex e-con-boxed e-con e-parent\" data-id=\"c9062cf\" data-element_type=\"container\" data-settings=\"{&quot;background_background&quot;:&quot;classic&quot;}\">\n\t\t\t\t\t<div class=\"e-con-inner\">\n\t\t<div class=\"elementor-element elementor-element-b3499f5 e-con-full e-flex e-con e-child\" data-id=\"b3499f5\" data-element_type=\"container\">\n\t\t\t\t<div class=\"elementor-element elementor-element-d76e975 elementor-widget elementor-widget-image\" data-id=\"d76e975\" data-element_type=\"widget\" data-widget_type=\"image.default\">\n\t\t\t\t<div class=\"elementor-widget-container\">\n\t\t\t\t\t\t\t\t\t\t\t\t\t\t\t<img fetchpriority=\"high\" decoding=\"async\" width=\"800\" height=\"800\" src=\"https:\/\/gameover-project.eu\/wp-content\/uploads\/2024\/12\/game-over-results-01.png\" class=\"attachment-large size-large wp-image-567\" alt=\"\" srcset=\"https:\/\/gameover-project.eu\/wp-content\/uploads\/2024\/12\/game-over-results-01.png 1000w, https:\/\/gameover-project.eu\/wp-content\/uploads\/2024\/12\/game-over-results-01-300x300.png 300w, https:\/\/gameover-project.eu\/wp-content\/uploads\/2024\/12\/game-over-results-01-150x150.png 150w, https:\/\/gameover-project.eu\/wp-content\/uploads\/2024\/12\/game-over-results-01-768x768.png 768w, https:\/\/gameover-project.eu\/wp-content\/uploads\/2024\/12\/game-over-results-01-700x700.png 700w\" sizes=\"(max-width: 800px) 100vw, 800px\" \/>\t\t\t\t\t\t\t\t\t\t\t\t\t\t\t<\/div>\n\t\t\t\t<\/div>\n\t\t\t\t<\/div>\n\t\t<div class=\"elementor-element elementor-element-e2d0590 e-con-full e-flex e-con e-child\" data-id=\"e2d0590\" data-element_type=\"container\">\n\t\t\t\t<div class=\"elementor-element elementor-element-9811c95 elementor-widget elementor-widget-heading\" data-id=\"9811c95\" data-element_type=\"widget\" data-widget_type=\"heading.default\">\n\t\t\t\t<div class=\"elementor-widget-container\">\n\t\t\t\t\t<h2 class=\"elementor-heading-title elementor-size-default\">Projekto rezultatai<\/h2>\t\t\t\t<\/div>\n\t\t\t\t<\/div>\n\t\t\t\t<\/div>\n\t\t\t\t\t<\/div>\n\t\t\t\t<\/div>\n\t\t<div class=\"elementor-element elementor-element-c714868 e-flex e-con-boxed e-con e-parent\" data-id=\"c714868\" data-element_type=\"container\">\n\t\t\t\t\t<div class=\"e-con-inner\">\n\t\t\t\t<div class=\"elementor-element elementor-element-102d377 elementor-widget elementor-widget-spacer\" data-id=\"102d377\" data-element_type=\"widget\" data-widget_type=\"spacer.default\">\n\t\t\t\t<div class=\"elementor-widget-container\">\n\t\t\t\t\t\t\t<div class=\"elementor-spacer\">\n\t\t\t<div class=\"elementor-spacer-inner\"><\/div>\n\t\t<\/div>\n\t\t\t\t\t\t<\/div>\n\t\t\t\t<\/div>\n\t\t\t\t\t<\/div>\n\t\t\t\t<\/div>\n\t\t<div class=\"elementor-element elementor-element-955b046 e-flex e-con-boxed e-con e-parent\" data-id=\"955b046\" data-element_type=\"container\">\n\t\t\t\t\t<div class=\"e-con-inner\">\n\t\t<div class=\"elementor-element elementor-element-bab6a14 e-con-full e-flex e-con e-child\" data-id=\"bab6a14\" data-element_type=\"container\">\n\t\t\t\t<div class=\"elementor-element elementor-element-a0f9caa elementor-widget elementor-widget-image\" data-id=\"a0f9caa\" data-element_type=\"widget\" data-widget_type=\"image.default\">\n\t\t\t\t<div class=\"elementor-widget-container\">\n\t\t\t\t\t\t\t\t\t\t\t\t\t\t\t<img decoding=\"async\" width=\"500\" height=\"500\" src=\"https:\/\/gameover-project.eu\/wp-content\/uploads\/2024\/12\/find-alert.png\" class=\"attachment-large size-large wp-image-564\" alt=\"\" srcset=\"https:\/\/gameover-project.eu\/wp-content\/uploads\/2024\/12\/find-alert.png 500w, https:\/\/gameover-project.eu\/wp-content\/uploads\/2024\/12\/find-alert-300x300.png 300w, https:\/\/gameover-project.eu\/wp-content\/uploads\/2024\/12\/find-alert-150x150.png 150w\" sizes=\"(max-width: 500px) 100vw, 500px\" \/>\t\t\t\t\t\t\t\t\t\t\t\t\t\t\t<\/div>\n\t\t\t\t<\/div>\n\t\t\t\t<\/div>\n\t\t<div class=\"elementor-element elementor-element-841a855 e-con-full e-flex e-con e-child\" data-id=\"841a855\" data-element_type=\"container\">\n\t\t\t\t<div class=\"elementor-element elementor-element-6fa6a4e elementor-widget elementor-widget-heading\" data-id=\"6fa6a4e\" data-element_type=\"widget\" data-widget_type=\"heading.default\">\n\t\t\t\t<div class=\"elementor-widget-container\">\n\t\t\t\t\t<h4 class=\"elementor-heading-title elementor-size-default\">Ankstyvojo nustatymo priemon\u0117 (ANP)<\/h4>\t\t\t\t<\/div>\n\t\t\t\t<\/div>\n\t\t\t\t<div class=\"elementor-element elementor-element-338c512 elementor-widget elementor-widget-text-editor\" data-id=\"338c512\" data-element_type=\"widget\" data-widget_type=\"text-editor.default\">\n\t\t\t\t<div class=\"elementor-widget-container\">\n\t\t\t\t\t\t\t\t\t<p>Priemon\u0117 specialistams, skirta pad\u0117ti atpa\u017einti rizikos veiksnius ir ankstyvuosius priklausomyb\u0117s nuo \u017eaidim\u0173 po\u017eymius.<\/p>\n\t\t\t\t\t\t\t\t<\/div>\n\t\t\t\t<\/div>\n\t\t\t\t<div class=\"elementor-element elementor-element-ca90db5 elementor-align-left elementor-widget elementor-widget-button\" data-id=\"ca90db5\" data-element_type=\"widget\" data-widget_type=\"button.default\">\n\t\t\t\t<div class=\"elementor-widget-container\">\n\t\t\t\t\t\t\t\t\t<div class=\"elementor-button-wrapper\">\n\t\t\t\t\t<a class=\"elementor-button elementor-button-link elementor-size-sm\" href=\"https:\/\/gameover-project.eu\/lt\/ankstyvojo-nustatymo-priemone-anp\/\">\n\t\t\t\t\t\t<span class=\"elementor-button-content-wrapper\">\n\t\t\t\t\t\t\t\t\t<span class=\"elementor-button-text\">Per\u017ei\u016br\u0117ti \u010dia<\/span>\n\t\t\t\t\t<\/span>\n\t\t\t\t\t<\/a>\n\t\t\t\t<\/div>\n\t\t\t\t\t\t\t\t<\/div>\n\t\t\t\t<\/div>\n\t\t\t\t<\/div>\n\t\t\t\t\t<\/div>\n\t\t\t\t<\/div>\n\t\t<div class=\"elementor-element elementor-element-1c30fbd e-flex e-con-boxed e-con e-parent\" data-id=\"1c30fbd\" data-element_type=\"container\">\n\t\t\t\t\t<div class=\"e-con-inner\">\n\t\t\t\t<div class=\"elementor-element elementor-element-844c34f elementor-widget elementor-widget-spacer\" data-id=\"844c34f\" data-element_type=\"widget\" data-widget_type=\"spacer.default\">\n\t\t\t\t<div class=\"elementor-widget-container\">\n\t\t\t\t\t\t\t<div class=\"elementor-spacer\">\n\t\t\t<div class=\"elementor-spacer-inner\"><\/div>\n\t\t<\/div>\n\t\t\t\t\t\t<\/div>\n\t\t\t\t<\/div>\n\t\t\t\t\t<\/div>\n\t\t\t\t<\/div>\n\t\t<div class=\"elementor-element elementor-element-09abb08 e-flex e-con-boxed e-con e-parent\" data-id=\"09abb08\" data-element_type=\"container\">\n\t\t\t\t\t<div class=\"e-con-inner\">\n\t\t<div class=\"elementor-element elementor-element-451e4b3 e-con-full e-flex e-con e-child\" data-id=\"451e4b3\" data-element_type=\"container\">\n\t\t\t\t<div class=\"elementor-element elementor-element-c9864d0 elementor-widget elementor-widget-image\" data-id=\"c9864d0\" data-element_type=\"widget\" data-widget_type=\"image.default\">\n\t\t\t\t<div class=\"elementor-widget-container\">\n\t\t\t\t\t\t\t\t\t\t\t\t\t\t\t<img decoding=\"async\" width=\"500\" height=\"500\" src=\"https:\/\/gameover-project.eu\/wp-content\/uploads\/2024\/12\/online-learning.png\" class=\"attachment-large size-large wp-image-566\" alt=\"\" srcset=\"https:\/\/gameover-project.eu\/wp-content\/uploads\/2024\/12\/online-learning.png 500w, https:\/\/gameover-project.eu\/wp-content\/uploads\/2024\/12\/online-learning-300x300.png 300w, https:\/\/gameover-project.eu\/wp-content\/uploads\/2024\/12\/online-learning-150x150.png 150w\" sizes=\"(max-width: 500px) 100vw, 500px\" \/>\t\t\t\t\t\t\t\t\t\t\t\t\t\t\t<\/div>\n\t\t\t\t<\/div>\n\t\t\t\t<\/div>\n\t\t<div class=\"elementor-element elementor-element-fb4818e e-con-full e-flex e-con e-child\" data-id=\"fb4818e\" data-element_type=\"container\">\n\t\t\t\t<div class=\"elementor-element elementor-element-4e7968f elementor-widget elementor-widget-heading\" data-id=\"4e7968f\" data-element_type=\"widget\" data-widget_type=\"heading.default\">\n\t\t\t\t<div class=\"elementor-widget-container\">\n\t\t\t\t\t<h4 class=\"elementor-heading-title elementor-size-default\">Priemoni\u0173 rinkiniai, skirti probleminiam internetini\u0173 \u017eaidim\u0173 naudojimui spr\u0119sti<\/h4>\t\t\t\t<\/div>\n\t\t\t\t<\/div>\n\t\t\t\t<div class=\"elementor-element elementor-element-b949dc1 elementor-widget elementor-widget-text-editor\" data-id=\"b949dc1\" data-element_type=\"widget\" data-widget_type=\"text-editor.default\">\n\t\t\t\t<div class=\"elementor-widget-container\">\n\t\t\t\t\t\t\t\t\t<p>Specialiai parengti i\u0161tekliai mokytojams, mokiniams ir t\u0117vams, skirti didinti j\u0173 s\u0105moningum\u0105 apie su internetiniais \u017eaidimais susijusias rizikas bei pateikti strategijas, kaip u\u017ekirsti keli\u0105 probleminiam internetini\u0173 \u017eaidim\u0173 naudojimui\u00a0 ir kaip j\u012f spr\u0119sti.<\/p>\n\t\t\t\t\t\t\t\t<\/div>\n\t\t\t\t<\/div>\n\t\t\t\t<div class=\"elementor-element elementor-element-bc7dd36 elementor-align-left elementor-widget elementor-widget-button\" data-id=\"bc7dd36\" data-element_type=\"widget\" data-widget_type=\"button.default\">\n\t\t\t\t<div class=\"elementor-widget-container\">\n\t\t\t\t\t\t\t\t\t<div class=\"elementor-button-wrapper\">\n\t\t\t\t\t<a class=\"elementor-button elementor-button-link elementor-size-sm\" href=\"https:\/\/gameover-project.eu\/lt\/toolkits\/\">\n\t\t\t\t\t\t<span class=\"elementor-button-content-wrapper\">\n\t\t\t\t\t\t\t\t\t<span class=\"elementor-button-text\">Per\u017ei\u016br\u0117ti \u010dia<\/span>\n\t\t\t\t\t<\/span>\n\t\t\t\t\t<\/a>\n\t\t\t\t<\/div>\n\t\t\t\t\t\t\t\t<\/div>\n\t\t\t\t<\/div>\n\t\t\t\t<\/div>\n\t\t\t\t\t<\/div>\n\t\t\t\t<\/div>\n\t\t<div class=\"elementor-element elementor-element-de12cde e-flex e-con-boxed e-con e-parent\" data-id=\"de12cde\" data-element_type=\"container\">\n\t\t\t\t\t<div class=\"e-con-inner\">\n\t\t\t\t<div class=\"elementor-element elementor-element-b4179a6 elementor-widget elementor-widget-spacer\" data-id=\"b4179a6\" data-element_type=\"widget\" data-widget_type=\"spacer.default\">\n\t\t\t\t<div class=\"elementor-widget-container\">\n\t\t\t\t\t\t\t<div class=\"elementor-spacer\">\n\t\t\t<div class=\"elementor-spacer-inner\"><\/div>\n\t\t<\/div>\n\t\t\t\t\t\t<\/div>\n\t\t\t\t<\/div>\n\t\t\t\t\t<\/div>\n\t\t\t\t<\/div>\n\t\t<div class=\"elementor-element elementor-element-1353962 e-flex e-con-boxed e-con e-parent\" data-id=\"1353962\" data-element_type=\"container\">\n\t\t\t\t\t<div class=\"e-con-inner\">\n\t\t<div class=\"elementor-element elementor-element-1a4b24b e-con-full e-flex e-con e-child\" data-id=\"1a4b24b\" data-element_type=\"container\">\n\t\t\t\t<div class=\"elementor-element elementor-element-9cb2ab2 elementor-widget elementor-widget-image\" data-id=\"9cb2ab2\" data-element_type=\"widget\" data-widget_type=\"image.default\">\n\t\t\t\t<div class=\"elementor-widget-container\">\n\t\t\t\t\t\t\t\t\t\t\t\t\t\t\t<img loading=\"lazy\" decoding=\"async\" width=\"500\" height=\"500\" src=\"https:\/\/gameover-project.eu\/wp-content\/uploads\/2024\/12\/online-degree.png\" class=\"attachment-large size-large wp-image-565\" alt=\"\" srcset=\"https:\/\/gameover-project.eu\/wp-content\/uploads\/2024\/12\/online-degree.png 500w, https:\/\/gameover-project.eu\/wp-content\/uploads\/2024\/12\/online-degree-300x300.png 300w, https:\/\/gameover-project.eu\/wp-content\/uploads\/2024\/12\/online-degree-150x150.png 150w\" sizes=\"(max-width: 500px) 100vw, 500px\" \/>\t\t\t\t\t\t\t\t\t\t\t\t\t\t\t<\/div>\n\t\t\t\t<\/div>\n\t\t\t\t<\/div>\n\t\t<div class=\"elementor-element elementor-element-2354374 e-con-full e-flex e-con e-child\" data-id=\"2354374\" data-element_type=\"container\">\n\t\t\t\t<div class=\"elementor-element elementor-element-2fd6052 elementor-widget elementor-widget-heading\" data-id=\"2fd6052\" data-element_type=\"widget\" data-widget_type=\"heading.default\">\n\t\t\t\t<div class=\"elementor-widget-container\">\n\t\t\t\t\t<h4 class=\"elementor-heading-title elementor-size-default\">Internetin\u0117 mokym\u0173 programa specialistams apie probleminio internetini\u0173 \u017eaidim\u0173 naudojimo prevencij\u0105, ankstyv\u0105j\u012f nustatym\u0105 ir ankstyv\u0105j\u0105 intervencij\u0105<\/h4>\t\t\t\t<\/div>\n\t\t\t\t<\/div>\n\t\t\t\t<div class=\"elementor-element elementor-element-e9e2c1c elementor-widget elementor-widget-text-editor\" data-id=\"e9e2c1c\" data-element_type=\"widget\" data-widget_type=\"text-editor.default\">\n\t\t\t\t<div class=\"elementor-widget-container\">\n\t\t\t\t\t\t\t\t\t<p>Programos tikslas \u2013 didinti specialist\u0173 s\u0105moningum\u0105 apie probleminio internetini\u0173 \u017eaidim\u0173 naudojimo rizikas bei suteikti jiems reikaling\u0173 \u017eini\u0173 ir strategij\u0173 ankstyvajai intervencijai bei atsakingam elgesiui internete skatinti.<\/p>\n\t\t\t\t\t\t\t\t<\/div>\n\t\t\t\t<\/div>\n\t\t\t\t<div class=\"elementor-element elementor-element-dbdd35f elementor-headline--style-highlight elementor-widget elementor-widget-animated-headline\" data-id=\"dbdd35f\" data-element_type=\"widget\" data-settings=\"{&quot;marker&quot;:&quot;underline_zigzag&quot;,&quot;highlighted_text&quot;:&quot;bus&quot;,&quot;headline_style&quot;:&quot;highlight&quot;,&quot;loop&quot;:&quot;yes&quot;,&quot;highlight_animation_duration&quot;:1200,&quot;highlight_iteration_delay&quot;:8000}\" data-widget_type=\"animated-headline.default\">\n\t\t\t\t<div class=\"elementor-widget-container\">\n\t\t\t\t\t\t\t<h3 class=\"elementor-headline\">\n\t\t\t\t\t<span class=\"elementor-headline-plain-text elementor-headline-text-wrapper\">Netrukus<\/span>\n\t\t\t\t<span class=\"elementor-headline-dynamic-wrapper elementor-headline-text-wrapper\">\n\t\t\t\t\t<span class=\"elementor-headline-dynamic-text elementor-headline-text-active\">bus<\/span>\n\t\t\t\t<\/span>\n\t\t\t\t<\/h3>\n\t\t\t\t\t\t<\/div>\n\t\t\t\t<\/div>\n\t\t\t\t<\/div>\n\t\t\t\t\t<\/div>\n\t\t\t\t<\/div>\n\t\t<div class=\"elementor-element elementor-element-b8ab553 e-flex e-con-boxed e-con e-parent\" data-id=\"b8ab553\" data-element_type=\"container\">\n\t\t\t\t\t<div class=\"e-con-inner\">\n\t\t\t\t<div class=\"elementor-element elementor-element-c573544 elementor-widget elementor-widget-spacer\" data-id=\"c573544\" data-element_type=\"widget\" data-widget_type=\"spacer.default\">\n\t\t\t\t<div class=\"elementor-widget-container\">\n\t\t\t\t\t\t\t<div class=\"elementor-spacer\">\n\t\t\t<div class=\"elementor-spacer-inner\"><\/div>\n\t\t<\/div>\n\t\t\t\t\t\t<\/div>\n\t\t\t\t<\/div>\n\t\t\t\t\t<\/div>\n\t\t\t\t<\/div>\n\t\t\t\t<\/div>\n\t\t","protected":false},"excerpt":{"rendered":"<p>Projekto rezultatai Ankstyvojo nustatymo priemon\u0117 (ANP) Priemon\u0117 specialistams, skirta pad\u0117ti atpa\u017einti rizikos veiksnius ir ankstyvuosius priklausomyb\u0117s nuo \u017eaidim\u0173 po\u017eymius. Per\u017ei\u016br\u0117ti \u010dia Priemoni\u0173 rinkiniai, skirti probleminiam internetini\u0173 \u017eaidim\u0173 naudojimui spr\u0119sti Specialiai parengti i\u0161tekliai mokytojams, mokiniams ir t\u0117vams, skirti didinti j\u0173 s\u0105moningum\u0105 apie su internetiniais \u017eaidimais susijusias rizikas bei pateikti strategijas, kaip u\u017ekirsti keli\u0105 probleminiam internetini\u0173 \u017eaidim\u0173 [&hellip;]<\/p>\n","protected":false},"author":3,"featured_media":591,"parent":0,"menu_order":0,"comment_status":"closed","ping_status":"closed","template":"","meta":{"footnotes":""},"class_list":["post-590","page","type-page","status-publish","has-post-thumbnail","hentry"],"_links":{"self":[{"href":"https:\/\/gameover-project.eu\/lt\/wp-json\/wp\/v2\/pages\/590","targetHints":{"allow":["GET"]}}],"collection":[{"href":"https:\/\/gameover-project.eu\/lt\/wp-json\/wp\/v2\/pages"}],"about":[{"href":"https:\/\/gameover-project.eu\/lt\/wp-json\/wp\/v2\/types\/page"}],"author":[{"embeddable":true,"href":"https:\/\/gameover-project.eu\/lt\/wp-json\/wp\/v2\/users\/3"}],"replies":[{"embeddable":true,"href":"https:\/\/gameover-project.eu\/lt\/wp-json\/wp\/v2\/comments?post=590"}],"version-history":[{"count":12,"href":"https:\/\/gameover-project.eu\/lt\/wp-json\/wp\/v2\/pages\/590\/revisions"}],"predecessor-version":[{"id":2530,"href":"https:\/\/gameover-project.eu\/lt\/wp-json\/wp\/v2\/pages\/590\/revisions\/2530"}],"wp:featuredmedia":[{"embeddable":true,"href":"https:\/\/gameover-project.eu\/lt\/wp-json\/wp\/v2\/media\/591"}],"wp:attachment":[{"href":"https:\/\/gameover-project.eu\/lt\/wp-json\/wp\/v2\/media?parent=590"}],"curies":[{"name":"wp","href":"https:\/\/api.w.org\/{rel}","templated":true}]}}