{"id":611,"date":"2025-03-28T07:35:30","date_gmt":"2025-03-28T07:35:30","guid":{"rendered":"https:\/\/gameover-project.eu\/naujienos\/"},"modified":"2025-03-31T07:16:28","modified_gmt":"2025-03-31T07:16:28","slug":"naujienos","status":"publish","type":"page","link":"https:\/\/gameover-project.eu\/lt\/naujienos\/","title":{"rendered":"Naujienos"},"content":{"rendered":"\t\t<div data-elementor-type=\"wp-page\" data-elementor-id=\"611\" class=\"elementor elementor-611 elementor-60\" data-elementor-post-type=\"page\">\n\t\t\t\t<div class=\"elementor-element elementor-element-4fc6dae e-flex e-con-boxed e-con e-parent\" data-id=\"4fc6dae\" data-element_type=\"container\" data-settings=\"{&quot;background_background&quot;:&quot;classic&quot;}\">\n\t\t\t\t\t<div class=\"e-con-inner\">\n\t\t<div class=\"elementor-element elementor-element-b8a66e2 e-con-full e-flex e-con e-child\" data-id=\"b8a66e2\" data-element_type=\"container\">\n\t\t\t\t<div class=\"elementor-element elementor-element-cba8d07 elementor-widget elementor-widget-image\" data-id=\"cba8d07\" data-element_type=\"widget\" data-widget_type=\"image.default\">\n\t\t\t\t<div class=\"elementor-widget-container\">\n\t\t\t\t\t\t\t\t\t\t\t\t\t\t\t<img fetchpriority=\"high\" decoding=\"async\" width=\"800\" height=\"800\" src=\"https:\/\/gameover-project.eu\/wp-content\/uploads\/2025\/01\/images_website-04n.png\" class=\"attachment-large size-large wp-image-612\" alt=\"\" srcset=\"https:\/\/gameover-project.eu\/wp-content\/uploads\/2025\/01\/images_website-04n.png 1000w, https:\/\/gameover-project.eu\/wp-content\/uploads\/2025\/01\/images_website-04n-300x300.png 300w, https:\/\/gameover-project.eu\/wp-content\/uploads\/2025\/01\/images_website-04n-150x150.png 150w, https:\/\/gameover-project.eu\/wp-content\/uploads\/2025\/01\/images_website-04n-768x768.png 768w, https:\/\/gameover-project.eu\/wp-content\/uploads\/2025\/01\/images_website-04n-700x700.png 700w\" sizes=\"(max-width: 800px) 100vw, 800px\" \/>\t\t\t\t\t\t\t\t\t\t\t\t\t\t\t<\/div>\n\t\t\t\t<\/div>\n\t\t\t\t<\/div>\n\t\t<div class=\"elementor-element elementor-element-15ac90c e-con-full e-flex e-con e-child\" data-id=\"15ac90c\" data-element_type=\"container\">\n\t\t\t\t<div class=\"elementor-element elementor-element-7878994 elementor-widget elementor-widget-heading\" data-id=\"7878994\" data-element_type=\"widget\" data-widget_type=\"heading.default\">\n\t\t\t\t<div class=\"elementor-widget-container\">\n\t\t\t\t\t<h2 class=\"elementor-heading-title elementor-size-default\">M\u016bs\u0173 naujienos<\/h2>\t\t\t\t<\/div>\n\t\t\t\t<\/div>\n\t\t\t\t<div class=\"elementor-element elementor-element-256eb9c elementor-widget elementor-widget-heading\" data-id=\"256eb9c\" data-element_type=\"widget\" data-widget_type=\"heading.default\">\n\t\t\t\t<div class=\"elementor-widget-container\">\n\t\t\t\t\t<h5 class=\"elementor-heading-title elementor-size-default\">Sekite naujienas!<\/h5>\t\t\t\t<\/div>\n\t\t\t\t<\/div>\n\t\t\t\t<div class=\"elementor-element elementor-element-095d550 elementor-widget elementor-widget-text-editor\" data-id=\"095d550\" data-element_type=\"widget\" data-widget_type=\"text-editor.default\">\n\t\t\t\t<div class=\"elementor-widget-container\">\n\t\t\t\t\t\t\t\t\t<p>Susipa\u017einkite su m\u016bs\u0173 partneri\u0173 straipsniais ir atnaujinimais apie \u201eGameOver\u201c projekt\u0105 \u2013 seminarais, renginiais ir svarbiausiomis pa\u017eangos akimirkomis.<\/p>\n\t\t\t\t\t\t\t\t<\/div>\n\t\t\t\t<\/div>\n\t\t\t\t<\/div>\n\t\t\t\t\t<\/div>\n\t\t\t\t<\/div>\n\t\t<div class=\"elementor-element elementor-element-d8064da e-flex e-con-boxed e-con e-parent\" data-id=\"d8064da\" data-element_type=\"container\">\n\t\t\t\t\t<div class=\"e-con-inner\">\n\t\t\t\t<div class=\"elementor-element elementor-element-76344cc elementor-widget elementor-widget-spacer\" data-id=\"76344cc\" data-element_type=\"widget\" data-widget_type=\"spacer.default\">\n\t\t\t\t<div class=\"elementor-widget-container\">\n\t\t\t\t\t\t\t<div class=\"elementor-spacer\">\n\t\t\t<div class=\"elementor-spacer-inner\"><\/div>\n\t\t<\/div>\n\t\t\t\t\t\t<\/div>\n\t\t\t\t<\/div>\n\t\t\t\t<div class=\"elementor-element elementor-element-cc515bb elementor-widget elementor-widget-tp-blog-listout\" data-id=\"cc515bb\" data-element_type=\"widget\" data-widget_type=\"tp-blog-listout.default\">\n\t\t\t\t\t<div id=\"pt-plus-blog-post-list\" class=\"blog-list post69f359d2a07aa  list-isotope  blog-style-4 hover-image-style-1   \"  data-layout-type=\"fitRows\"   data-id=\"post69f359d2a07aa\" data-style=\"style-4\"   dir= data-enable-isotope=\"1\" filter-type = \"normal\"><div id=\"post69f359d2a07aa\" class=\"tp-row post-inner-loop post69f359d2a07aa    tp-listing-preloader\" data-extparam= '{\"loading-opt\":\"skeleton\",\"URL-para\":\"\"}'  ><div class=\"grid-item metro-item  tp-col-lg-3 tp-col-md-6 tp-col-sm-12 tp-col-12  \"><article id=\"post-2616\" class=\"post-2616 post type-post status-publish format-standard has-post-thumbnail hentry category-uncategorized-lt\">\n\t<div class=\"blog-list-content\">\t\t\n\t\t<div class=\"post-content-bottom\">\n\t\t\t<a href=\"https:\/\/gameover-project.eu\/lt\/moving-forward-together-in-preventing-problematic-video-game-use\/\" class=\"post-bg-image-content\"><div class=\"blog-bg-image-metro \" style=\"background:url(https:\/\/gameover-project.eu\/wp-content\/uploads\/2026\/04\/gameOver_21.04.26f.png) #f7f7f7;\"><\/div><\/a>\n\t\t\t<div class=\"post-metro-content\">\n\t\t\t\t\t\t\t\t<h3 class=\"post-title\">\n\t<a href=\"https:\/\/gameover-project.eu\/lt\/moving-forward-together-in-preventing-problematic-video-game-use\/\" class=\"normal\">Moving forward together in preventing problematic video game use<\/a>\n<\/h3>\n\t\t\t\t\t\t\t\t\t\t\t\t\t<div class=\"post-meta-info style-1\"><span class=\"meta-date\"><a href=\"https:\/\/gameover-project.eu\/lt\/moving-forward-together-in-preventing-problematic-video-game-use\/\"><span class=\"entry-date\">21 baland\u017eio, 2026<\/span><\/a><\/span>\n<\/div>\t\t\t\t\t\t\t\t\t\t\t<\/div>\n\t\t<\/div>\t\n\t\t\t\n\t<\/div>\n<\/article>\n<\/div><div class=\"grid-item metro-item  tp-col-lg-3 tp-col-md-6 tp-col-sm-12 tp-col-12  \"><article id=\"post-2545\" class=\"post-2545 post type-post status-publish format-standard has-post-thumbnail hentry category-uncategorized-lt\">\n\t<div class=\"blog-list-content\">\t\t\n\t\t<div class=\"post-content-bottom\">\n\t\t\t<a href=\"https:\/\/gameover-project.eu\/lt\/the-architecture-of-addiction-how-videogames-are-built-to-keep-players-in\/\" class=\"post-bg-image-content\"><div class=\"blog-bg-image-metro \" style=\"background:url(https:\/\/gameover-project.eu\/wp-content\/uploads\/2026\/03\/gameOver_18.03.26-01.png) #f7f7f7;\"><\/div><\/a>\n\t\t\t<div class=\"post-metro-content\">\n\t\t\t\t\t\t\t\t<h3 class=\"post-title\">\n\t<a href=\"https:\/\/gameover-project.eu\/lt\/the-architecture-of-addiction-how-videogames-are-built-to-keep-players-in\/\" class=\"normal\">The Architecture of Addiction: How Videogames Are Built to Keep Players In<\/a>\n<\/h3>\n\t\t\t\t\t\t\t\t\t\t\t\t\t<div class=\"post-meta-info style-1\"><span class=\"meta-date\"><a href=\"https:\/\/gameover-project.eu\/lt\/the-architecture-of-addiction-how-videogames-are-built-to-keep-players-in\/\"><span class=\"entry-date\">18 kovo, 2026<\/span><\/a><\/span>\n<\/div>\t\t\t\t\t\t\t\t\t\t\t<\/div>\n\t\t<\/div>\t\n\t\t\t\n\t<\/div>\n<\/article>\n<\/div><div class=\"grid-item metro-item  tp-col-lg-3 tp-col-md-6 tp-col-sm-12 tp-col-12  \"><article id=\"post-2301\" class=\"post-2301 post type-post status-publish format-standard has-post-thumbnail hentry category-uncategorized-lt\">\n\t<div class=\"blog-list-content\">\t\t\n\t\t<div class=\"post-content-bottom\">\n\t\t\t<a href=\"https:\/\/gameover-project.eu\/lt\/new-toolkits-for-addressing-problematic-online-gaming\/\" class=\"post-bg-image-content\"><div class=\"blog-bg-image-metro \" style=\"background:url(https:\/\/gameover-project.eu\/wp-content\/uploads\/2026\/03\/gameOver_02.03.26-1.png) #f7f7f7;\"><\/div><\/a>\n\t\t\t<div class=\"post-metro-content\">\n\t\t\t\t\t\t\t\t<h3 class=\"post-title\">\n\t<a href=\"https:\/\/gameover-project.eu\/lt\/new-toolkits-for-addressing-problematic-online-gaming\/\" class=\"normal\">New Toolkits for Addressing Problematic Online Gaming<\/a>\n<\/h3>\n\t\t\t\t\t\t\t\t\t\t\t\t\t<div class=\"post-meta-info style-1\"><span class=\"meta-date\"><a href=\"https:\/\/gameover-project.eu\/lt\/new-toolkits-for-addressing-problematic-online-gaming\/\"><span class=\"entry-date\">27 vasario, 2026<\/span><\/a><\/span>\n<\/div>\t\t\t\t\t\t\t\t\t\t\t<\/div>\n\t\t<\/div>\t\n\t\t\t\n\t<\/div>\n<\/article>\n<\/div><div class=\"grid-item metro-item  tp-col-lg-3 tp-col-md-6 tp-col-sm-12 tp-col-12  \"><article id=\"post-2282\" class=\"post-2282 post type-post status-publish format-standard has-post-thumbnail hentry category-uncategorized-lt\">\n\t<div class=\"blog-list-content\">\t\t\n\t\t<div class=\"post-content-bottom\">\n\t\t\t<a href=\"https:\/\/gameover-project.eu\/lt\/whats-new-in-gameover-discover-our-milestones-and-next-steps\/\" class=\"post-bg-image-content\"><div class=\"blog-bg-image-metro \" style=\"background:url(https:\/\/gameover-project.eu\/wp-content\/uploads\/2026\/02\/gameOver_12.02.26feat.png) #f7f7f7;\"><\/div><\/a>\n\t\t\t<div class=\"post-metro-content\">\n\t\t\t\t\t\t\t\t<h3 class=\"post-title\">\n\t<a href=\"https:\/\/gameover-project.eu\/lt\/whats-new-in-gameover-discover-our-milestones-and-next-steps\/\" class=\"normal\">What\u2019s New in GameOver? Discover Our Milestones and Next Steps<\/a>\n<\/h3>\n\t\t\t\t\t\t\t\t\t\t\t\t\t<div class=\"post-meta-info style-1\"><span class=\"meta-date\"><a href=\"https:\/\/gameover-project.eu\/lt\/whats-new-in-gameover-discover-our-milestones-and-next-steps\/\"><span class=\"entry-date\">15 sausio, 2026<\/span><\/a><\/span>\n<\/div>\t\t\t\t\t\t\t\t\t\t\t<\/div>\n\t\t<\/div>\t\n\t\t\t\n\t<\/div>\n<\/article>\n<\/div><\/div><\/div>\t\t\t\t<\/div>\n\t\t\t\t<div class=\"elementor-element elementor-element-9aa9298 elementor-widget elementor-widget-spacer\" data-id=\"9aa9298\" data-element_type=\"widget\" data-widget_type=\"spacer.default\">\n\t\t\t\t<div class=\"elementor-widget-container\">\n\t\t\t\t\t\t\t<div class=\"elementor-spacer\">\n\t\t\t<div class=\"elementor-spacer-inner\"><\/div>\n\t\t<\/div>\n\t\t\t\t\t\t<\/div>\n\t\t\t\t<\/div>\n\t\t\t\t\t<\/div>\n\t\t\t\t<\/div>\n\t\t\t\t<\/div>\n\t\t","protected":false},"excerpt":{"rendered":"<p>M\u016bs\u0173 naujienos Sekite naujienas! Susipa\u017einkite su m\u016bs\u0173 partneri\u0173 straipsniais ir atnaujinimais apie \u201eGameOver\u201c projekt\u0105 \u2013 seminarais, renginiais ir svarbiausiomis pa\u017eangos akimirkomis. Demo 04 January 13, 2025 Demo 03 January 13, 2025 Demo 02 January 13, 2025 Demo 01 January 13, 2025<\/p>\n","protected":false},"author":3,"featured_media":613,"parent":0,"menu_order":0,"comment_status":"closed","ping_status":"closed","template":"","meta":{"footnotes":""},"class_list":["post-611","page","type-page","status-publish","has-post-thumbnail","hentry"],"_links":{"self":[{"href":"https:\/\/gameover-project.eu\/lt\/wp-json\/wp\/v2\/pages\/611","targetHints":{"allow":["GET"]}}],"collection":[{"href":"https:\/\/gameover-project.eu\/lt\/wp-json\/wp\/v2\/pages"}],"about":[{"href":"https:\/\/gameover-project.eu\/lt\/wp-json\/wp\/v2\/types\/page"}],"author":[{"embeddable":true,"href":"https:\/\/gameover-project.eu\/lt\/wp-json\/wp\/v2\/users\/3"}],"replies":[{"embeddable":true,"href":"https:\/\/gameover-project.eu\/lt\/wp-json\/wp\/v2\/comments?post=611"}],"version-history":[{"count":2,"href":"https:\/\/gameover-project.eu\/lt\/wp-json\/wp\/v2\/pages\/611\/revisions"}],"predecessor-version":[{"id":1096,"href":"https:\/\/gameover-project.eu\/lt\/wp-json\/wp\/v2\/pages\/611\/revisions\/1096"}],"wp:featuredmedia":[{"embeddable":true,"href":"https:\/\/gameover-project.eu\/lt\/wp-json\/wp\/v2\/media\/613"}],"wp:attachment":[{"href":"https:\/\/gameover-project.eu\/lt\/wp-json\/wp\/v2\/media?parent=611"}],"curies":[{"name":"wp","href":"https:\/\/api.w.org\/{rel}","templated":true}]}}