{"id":615,"date":"2025-03-28T07:40:38","date_gmt":"2025-03-28T07:40:38","guid":{"rendered":"https:\/\/gameover-project.eu\/susisiekite\/"},"modified":"2025-03-31T07:17:32","modified_gmt":"2025-03-31T07:17:32","slug":"susisiekite","status":"publish","type":"page","link":"https:\/\/gameover-project.eu\/lt\/susisiekite\/","title":{"rendered":"Susisiekite"},"content":{"rendered":"\t\t<div data-elementor-type=\"wp-page\" data-elementor-id=\"615\" class=\"elementor elementor-615 elementor-62\" data-elementor-post-type=\"page\">\n\t\t\t\t<div class=\"elementor-element elementor-element-2b25342 e-flex e-con-boxed e-con e-parent\" data-id=\"2b25342\" data-element_type=\"container\" data-settings=\"{&quot;background_background&quot;:&quot;classic&quot;}\">\n\t\t\t\t\t<div class=\"e-con-inner\">\n\t\t<div class=\"elementor-element elementor-element-3739010 e-con-full e-flex e-con e-child\" data-id=\"3739010\" data-element_type=\"container\">\n\t\t\t\t<div class=\"elementor-element elementor-element-39715a4 elementor-widget elementor-widget-image\" data-id=\"39715a4\" data-element_type=\"widget\" data-widget_type=\"image.default\">\n\t\t\t\t<div class=\"elementor-widget-container\">\n\t\t\t\t\t\t\t\t\t\t\t\t\t\t\t<img fetchpriority=\"high\" decoding=\"async\" width=\"800\" height=\"800\" src=\"https:\/\/gameover-project.eu\/wp-content\/uploads\/2025\/01\/images_website-07n.png\" class=\"attachment-large size-large wp-image-617\" alt=\"\" srcset=\"https:\/\/gameover-project.eu\/wp-content\/uploads\/2025\/01\/images_website-07n.png 1000w, https:\/\/gameover-project.eu\/wp-content\/uploads\/2025\/01\/images_website-07n-300x300.png 300w, https:\/\/gameover-project.eu\/wp-content\/uploads\/2025\/01\/images_website-07n-150x150.png 150w, https:\/\/gameover-project.eu\/wp-content\/uploads\/2025\/01\/images_website-07n-768x768.png 768w, https:\/\/gameover-project.eu\/wp-content\/uploads\/2025\/01\/images_website-07n-700x700.png 700w\" sizes=\"(max-width: 800px) 100vw, 800px\" \/>\t\t\t\t\t\t\t\t\t\t\t\t\t\t\t<\/div>\n\t\t\t\t<\/div>\n\t\t\t\t<\/div>\n\t\t<div class=\"elementor-element elementor-element-6bac84c e-con-full e-flex e-con e-child\" data-id=\"6bac84c\" data-element_type=\"container\">\n\t\t\t\t<div class=\"elementor-element elementor-element-a3e6e3e elementor-widget elementor-widget-heading\" data-id=\"a3e6e3e\" data-element_type=\"widget\" data-widget_type=\"heading.default\">\n\t\t\t\t<div class=\"elementor-widget-container\">\n\t\t\t\t\t<h2 class=\"elementor-heading-title elementor-size-default\">Susisiekite su mumis<\/h2>\t\t\t\t<\/div>\n\t\t\t\t<\/div>\n\t\t\t\t<div class=\"elementor-element elementor-element-b7455af elementor-widget elementor-widget-heading\" data-id=\"b7455af\" data-element_type=\"widget\" data-widget_type=\"heading.default\">\n\t\t\t\t<div class=\"elementor-widget-container\">\n\t\t\t\t\t<h5 class=\"elementor-heading-title elementor-size-default\">Para\u0161ykite mums!<\/h5>\t\t\t\t<\/div>\n\t\t\t\t<\/div>\n\t\t\t\t<div class=\"elementor-element elementor-element-e1eb8de elementor-widget elementor-widget-text-editor\" data-id=\"e1eb8de\" data-element_type=\"widget\" data-widget_type=\"text-editor.default\">\n\t\t\t\t<div class=\"elementor-widget-container\">\n\t\t\t\t\t\t\t\t\t<p>Turite klausim\u0173 apie \u201eGameOver\u201c projekt\u0105? Norite prisijungti? Susisiekite su mumis!<\/p>\n<p>Mielai atsakysime \u012f klausimus, pateiksime papildom\u0173 detali\u0173 apie iniciatyvas ir aptarsime partneryst\u0117s bei dalyvavimo galimybes. Kartu galime sukurti reik\u0161ming\u0173 poky\u010di\u0173!<\/p>\n\t\t\t\t\t\t\t\t<\/div>\n\t\t\t\t<\/div>\n\t\t\t\t<\/div>\n\t\t\t\t\t<\/div>\n\t\t\t\t<\/div>\n\t\t<div class=\"elementor-element elementor-element-d329eb3 e-flex e-con-boxed e-con e-parent\" data-id=\"d329eb3\" data-element_type=\"container\">\n\t\t\t\t\t<div class=\"e-con-inner\">\n\t\t\t\t<div class=\"elementor-element elementor-element-7b1cdc6 elementor-widget elementor-widget-spacer\" data-id=\"7b1cdc6\" data-element_type=\"widget\" data-widget_type=\"spacer.default\">\n\t\t\t\t<div class=\"elementor-widget-container\">\n\t\t\t\t\t\t\t<div class=\"elementor-spacer\">\n\t\t\t<div class=\"elementor-spacer-inner\"><\/div>\n\t\t<\/div>\n\t\t\t\t\t\t<\/div>\n\t\t\t\t<\/div>\n\t\t\t\t\t<\/div>\n\t\t\t\t<\/div>\n\t\t<div class=\"elementor-element elementor-element-3e86280 e-flex e-con-boxed e-con e-parent\" data-id=\"3e86280\" data-element_type=\"container\">\n\t\t\t\t\t<div class=\"e-con-inner\">\n\t\t<div class=\"elementor-element elementor-element-8a8ae97 e-con-full e-flex e-con e-child\" data-id=\"8a8ae97\" data-element_type=\"container\">\n\t\t\t\t<div class=\"elementor-element elementor-element-2feabe4 elementor-widget elementor-widget-heading\" data-id=\"2feabe4\" data-element_type=\"widget\" data-widget_type=\"heading.default\">\n\t\t\t\t<div class=\"elementor-widget-container\">\n\t\t\t\t\t<h5 class=\"elementor-heading-title elementor-size-default\">Sekite mus socialiniuose tinkluose!<\/h5>\t\t\t\t<\/div>\n\t\t\t\t<\/div>\n\t\t\t\t<div class=\"elementor-element elementor-element-bb33cbc elementor-widget elementor-widget-text-editor\" data-id=\"bb33cbc\" data-element_type=\"widget\" data-widget_type=\"text-editor.default\">\n\t\t\t\t<div class=\"elementor-widget-container\">\n\t\t\t\t\t\t\t\t\t<p>Gaukite naujausi\u0105 informacij\u0105, bendraukite su m\u016bs\u0173 bendruomene ir prisijunkite prie diskusijos apie ankstyv\u0105 priklausomyb\u0117s nuo internetini\u0173 \u017eaidim\u0173 nustatym\u0105 ir jos sprendim\u0105!<\/p>\n\t\t\t\t\t\t\t\t<\/div>\n\t\t\t\t<\/div>\n\t\t\t\t<div class=\"elementor-element elementor-element-557ba60 elementor-shape-circle e-grid-align-left elementor-grid-0 elementor-widget elementor-widget-social-icons\" data-id=\"557ba60\" data-element_type=\"widget\" data-widget_type=\"social-icons.default\">\n\t\t\t\t<div class=\"elementor-widget-container\">\n\t\t\t\t\t\t\t<div class=\"elementor-social-icons-wrapper elementor-grid\" role=\"list\">\n\t\t\t\t\t\t\t<span class=\"elementor-grid-item\" role=\"listitem\">\n\t\t\t\t\t<a class=\"elementor-icon elementor-social-icon elementor-social-icon-facebook elementor-repeater-item-e24c415\" href=\"https:\/\/www.facebook.com\/gameovereuproject\/\" target=\"_blank\" rel=\"noopener\">\n\t\t\t\t\t\t<span class=\"elementor-screen-only\">Facebook<\/span>\n\t\t\t\t\t\t<i aria-hidden=\"true\" class=\"fab fa-facebook\"><\/i>\t\t\t\t\t<\/a>\n\t\t\t\t<\/span>\n\t\t\t\t\t\t\t<span class=\"elementor-grid-item\" role=\"listitem\">\n\t\t\t\t\t<a class=\"elementor-icon elementor-social-icon elementor-social-icon-instagram elementor-repeater-item-1ad56ac\" href=\"https:\/\/www.instagram.com\/gameover_eu_project\/\" target=\"_blank\" rel=\"noopener\">\n\t\t\t\t\t\t<span class=\"elementor-screen-only\">Instagram<\/span>\n\t\t\t\t\t\t<i aria-hidden=\"true\" class=\"fab fa-instagram\"><\/i>\t\t\t\t\t<\/a>\n\t\t\t\t<\/span>\n\t\t\t\t\t\t\t<span class=\"elementor-grid-item\" role=\"listitem\">\n\t\t\t\t\t<a class=\"elementor-icon elementor-social-icon elementor-social-icon-youtube elementor-repeater-item-d67a4a5\" href=\"https:\/\/www.youtube.com\/@gameover.euproject\" target=\"_blank\" rel=\"noopener\">\n\t\t\t\t\t\t<span class=\"elementor-screen-only\">Youtube<\/span>\n\t\t\t\t\t\t<i aria-hidden=\"true\" class=\"fab fa-youtube\"><\/i>\t\t\t\t\t<\/a>\n\t\t\t\t<\/span>\n\t\t\t\t\t<\/div>\n\t\t\t\t\t\t<\/div>\n\t\t\t\t<\/div>\n\t\t\t\t<\/div>\n\t\t<div class=\"elementor-element elementor-element-87d66a6 e-con-full e-flex e-con e-child\" data-id=\"87d66a6\" data-element_type=\"container\">\n\t\t\t\t<div class=\"elementor-element elementor-element-dfaec79 elementor-button-align-stretch elementor-widget elementor-widget-form\" data-id=\"dfaec79\" data-element_type=\"widget\" data-settings=\"{&quot;button_width&quot;:&quot;30&quot;,&quot;step_next_label&quot;:&quot;Kitas&quot;,&quot;step_previous_label&quot;:&quot;Ankstesnis&quot;,&quot;step_type&quot;:&quot;number_text&quot;,&quot;step_icon_shape&quot;:&quot;circle&quot;}\" data-widget_type=\"form.default\">\n\t\t\t\t<div class=\"elementor-widget-container\">\n\t\t\t\t\t\t\t<form class=\"elementor-form\" method=\"post\" name=\"Nauja forma\" aria-label=\"Nauja forma\">\n\t\t\t<input type=\"hidden\" name=\"post_id\" value=\"615\"\/>\n\t\t\t<input type=\"hidden\" name=\"form_id\" value=\"dfaec79\"\/>\n\t\t\t<input type=\"hidden\" name=\"referer_title\" value=\"\" \/>\n\n\t\t\t\n\t\t\t<div class=\"elementor-form-fields-wrapper elementor-labels-above\">\n\t\t\t\t\t\t\t\t<div class=\"elementor-field-type-text elementor-field-group elementor-column elementor-field-group-name elementor-col-100\">\n\t\t\t\t\t\t\t\t\t\t\t\t<label for=\"form-field-name\" class=\"elementor-field-label\">\n\t\t\t\t\t\t\t\tVardas\t\t\t\t\t\t\t<\/label>\n\t\t\t\t\t\t\t\t\t\t\t\t\t\t<input size=\"1\" type=\"text\" name=\"form_fields[name]\" id=\"form-field-name\" class=\"elementor-field elementor-size-sm  elementor-field-textual\" placeholder=\"Vardas\">\n\t\t\t\t\t\t\t\t\t\t\t<\/div>\n\t\t\t\t\t\t\t\t<div class=\"elementor-field-type-email elementor-field-group elementor-column elementor-field-group-email elementor-col-100 elementor-field-required\">\n\t\t\t\t\t\t\t\t\t\t\t\t<label for=\"form-field-email\" class=\"elementor-field-label\">\n\t\t\t\t\t\t\t\tEl. pa\u0161tas\t\t\t\t\t\t\t<\/label>\n\t\t\t\t\t\t\t\t\t\t\t\t\t\t<input size=\"1\" type=\"email\" name=\"form_fields[email]\" id=\"form-field-email\" class=\"elementor-field elementor-size-sm  elementor-field-textual\" placeholder=\"El. pa\u0161tas\" required=\"required\">\n\t\t\t\t\t\t\t\t\t\t\t<\/div>\n\t\t\t\t\t\t\t\t<div class=\"elementor-field-type-textarea elementor-field-group elementor-column elementor-field-group-message elementor-col-100\">\n\t\t\t\t\t\t\t\t\t\t\t\t<label for=\"form-field-message\" class=\"elementor-field-label\">\n\t\t\t\t\t\t\t\t\u017dinut\u0117\t\t\t\t\t\t\t<\/label>\n\t\t\t\t\t\t<textarea class=\"elementor-field-textual elementor-field  elementor-size-sm\" name=\"form_fields[message]\" id=\"form-field-message\" rows=\"4\" placeholder=\"\u017dinut\u0117\"><\/textarea>\t\t\t\t<\/div>\n\t\t\t\t\t\t\t\t<div class=\"elementor-field-group elementor-column elementor-field-type-submit elementor-col-30 e-form__buttons\">\n\t\t\t\t\t<button class=\"elementor-button elementor-size-sm\" type=\"submit\">\n\t\t\t\t\t\t<span class=\"elementor-button-content-wrapper\">\n\t\t\t\t\t\t\t\t\t\t\t\t\t\t\t<span class=\"elementor-button-icon\">\n\t\t\t\t\t\t\t\t\t<i aria-hidden=\"true\" class=\"fas fa-paper-plane\"><\/i>\t\t\t\t\t\t\t\t\t\t\t\t\t\t\t\t\t<\/span>\n\t\t\t\t\t\t\t\t\t\t\t\t\t\t\t\t\t\t\t\t\t\t<span class=\"elementor-button-text\">Si\u0173sti<\/span>\n\t\t\t\t\t\t\t\t\t\t\t\t\t<\/span>\n\t\t\t\t\t<\/button>\n\t\t\t\t<\/div>\n\t\t\t<\/div>\n\t\t<\/form>\n\t\t\t\t\t\t<\/div>\n\t\t\t\t<\/div>\n\t\t\t\t<\/div>\n\t\t\t\t\t<\/div>\n\t\t\t\t<\/div>\n\t\t<div class=\"elementor-element elementor-element-75ba882 e-flex e-con-boxed e-con e-parent\" data-id=\"75ba882\" data-element_type=\"container\">\n\t\t\t\t\t<div class=\"e-con-inner\">\n\t\t\t\t<div class=\"elementor-element elementor-element-4c17bfd elementor-widget elementor-widget-spacer\" data-id=\"4c17bfd\" data-element_type=\"widget\" data-widget_type=\"spacer.default\">\n\t\t\t\t<div class=\"elementor-widget-container\">\n\t\t\t\t\t\t\t<div class=\"elementor-spacer\">\n\t\t\t<div class=\"elementor-spacer-inner\"><\/div>\n\t\t<\/div>\n\t\t\t\t\t\t<\/div>\n\t\t\t\t<\/div>\n\t\t\t\t\t<\/div>\n\t\t\t\t<\/div>\n\t\t\t\t<\/div>\n\t\t","protected":false},"excerpt":{"rendered":"<p>Susisiekite su mumis Para\u0161ykite mums! Turite klausim\u0173 apie \u201eGameOver\u201c projekt\u0105? Norite prisijungti? Susisiekite su mumis! Mielai atsakysime \u012f klausimus, pateiksime papildom\u0173 detali\u0173 apie iniciatyvas ir aptarsime partneryst\u0117s bei dalyvavimo galimybes. Kartu galime sukurti reik\u0161ming\u0173 poky\u010di\u0173! Sekite mus socialiniuose tinkluose! Gaukite naujausi\u0105 informacij\u0105, bendraukite su m\u016bs\u0173 bendruomene ir prisijunkite prie diskusijos apie ankstyv\u0105 priklausomyb\u0117s nuo internetini\u0173 [&hellip;]<\/p>\n","protected":false},"author":3,"featured_media":618,"parent":0,"menu_order":0,"comment_status":"closed","ping_status":"closed","template":"","meta":{"footnotes":""},"class_list":["post-615","page","type-page","status-publish","has-post-thumbnail","hentry"],"_links":{"self":[{"href":"https:\/\/gameover-project.eu\/lt\/wp-json\/wp\/v2\/pages\/615","targetHints":{"allow":["GET"]}}],"collection":[{"href":"https:\/\/gameover-project.eu\/lt\/wp-json\/wp\/v2\/pages"}],"about":[{"href":"https:\/\/gameover-project.eu\/lt\/wp-json\/wp\/v2\/types\/page"}],"author":[{"embeddable":true,"href":"https:\/\/gameover-project.eu\/lt\/wp-json\/wp\/v2\/users\/3"}],"replies":[{"embeddable":true,"href":"https:\/\/gameover-project.eu\/lt\/wp-json\/wp\/v2\/comments?post=615"}],"version-history":[{"count":2,"href":"https:\/\/gameover-project.eu\/lt\/wp-json\/wp\/v2\/pages\/615\/revisions"}],"predecessor-version":[{"id":1100,"href":"https:\/\/gameover-project.eu\/lt\/wp-json\/wp\/v2\/pages\/615\/revisions\/1100"}],"wp:featuredmedia":[{"embeddable":true,"href":"https:\/\/gameover-project.eu\/lt\/wp-json\/wp\/v2\/media\/618"}],"wp:attachment":[{"href":"https:\/\/gameover-project.eu\/lt\/wp-json\/wp\/v2\/media?parent=615"}],"curies":[{"name":"wp","href":"https:\/\/api.w.org\/{rel}","templated":true}]}}